{"id":2522,"date":"2021-03-02T11:38:40","date_gmt":"2021-03-02T14:38:40","guid":{"rendered":"https:\/\/isfdyt24-bue.infd.edu.ar\/sitio\/?page_id=2522"},"modified":"2025-12-22T09:20:02","modified_gmt":"2025-12-22T12:20:02","slug":"instructivo-porcentaje-de-materias","status":"publish","type":"page","link":"https:\/\/isfdyt24-bue.infd.edu.ar\/sitio\/instructivo-porcentaje-de-materias\/","title":{"rendered":"INSTRUCTIVO CERTIFICADO ANALITICO Y PORCENTAJE DE MATERIAS"},"content":{"rendered":"<h3 style=\"text-align: center;\">SOLICITUD DE ANALITICO Y PORCENTAJE DE MATERIAS APROBADAS<\/h3>\n<p>PARA SOLICITAR EL PORCENTAJE DE MATERIAS APROBADAS DEBER\u00c1N ENVIAR MAIL AL\u00a0 SIGUIENTE CORREO:<\/p>\n<p><strong>analiticos24@gmail.com<\/strong><\/p>\n<p>EN EL MAIL DEBE CONSTAR:<\/p>\n<p><em><strong>ASUNTO:<\/strong><\/em> CARRERA, PLAN (Nuevo o Viejo para Ingl\u00e9s, Matem\u00e1tica y Sistemas)<\/p>\n<p><em><strong>CUERPO<\/strong><\/em>: APELLIDO, NOMBRE, DNI, TURNO y adjuntar comprobante de pago por transferencia a la cuenta de cooperadora ($1000) correspondientes al porcentaje de materias. El costo del anal\u00edtico completo para inicio del tramite del titulo ($2000)<\/p>\n<h5>CBU COOPERADORA:\u00a0 <em><strong>0140045801517500497663\u00a0 \u00a0<\/strong><\/em>ALIAS: ISFDT.NRO24.BERNAL<\/h5>\n<p><strong>IMPORTANTE:<\/strong> Aquellos estudiantes que no est\u00e9n con posibilidad de transferir deben solicitarlo de manera presencial ABONANDO $1000.<\/p>\n<p><strong>ESTE TR\u00c1MITE TARDA APROXIMADAMENTE 72HS H\u00c1BILES (SI NO SE PRESENTAN INCONVENIENTES) Y EL ESTUDIANTE DEBER\u00c1 PASAR POR PRECEPTOR\u00cdA PARA RETIRARLO PRESENCIALMENTE.<\/strong><\/p>\n\n\n<p>De no cumplir con los requisitos enunciados, no se proceder\u00e1 a la impresi\u00f3n de los certificados.<\/p>\n","protected":false},"excerpt":{"rendered":"<p>SOLICITUD DE ANALITICO Y PORCENTAJE DE MATERIAS APROBADAS PARA SOLICITAR EL PORCENTAJE DE MATERIAS APROBADAS DEBER\u00c1N ENVIAR MAIL AL\u00a0 SIGUIENTE CORREO: analiticos24@gmail.com EN EL MAIL DEBE CONSTAR: ASUNTO: CARRERA, PLAN (Nuevo o Viejo para Ingl\u00e9s, Matem\u00e1tica y Sistemas) CUERPO: APELLIDO, NOMBRE, DNI, TURNO y adjuntar comprobante de pago por transferencia a la cuenta de cooperadora &#8230; <a title=\"INSTRUCTIVO CERTIFICADO ANALITICO Y PORCENTAJE DE MATERIAS\" class=\"read-more\" href=\"https:\/\/isfdyt24-bue.infd.edu.ar\/sitio\/instructivo-porcentaje-de-materias\/\" aria-label=\"More on INSTRUCTIVO CERTIFICADO ANALITICO Y PORCENTAJE DE MATERIAS\">[+]<\/a><\/p>\n","protected":false},"author":6009,"featured_media":0,"parent":0,"menu_order":0,"comment_status":"closed","ping_status":"closed","template":"","meta":[],"acf":[],"_links":{"self":[{"href":"https:\/\/isfdyt24-bue.infd.edu.ar\/sitio\/wp-json\/wp\/v2\/pages\/2522"}],"collection":[{"href":"https:\/\/isfdyt24-bue.infd.edu.ar\/sitio\/wp-json\/wp\/v2\/pages"}],"about":[{"href":"https:\/\/isfdyt24-bue.infd.edu.ar\/sitio\/wp-json\/wp\/v2\/types\/page"}],"author":[{"embeddable":true,"href":"https:\/\/isfdyt24-bue.infd.edu.ar\/sitio\/wp-json\/wp\/v2\/users\/6009"}],"replies":[{"embeddable":true,"href":"https:\/\/isfdyt24-bue.infd.edu.ar\/sitio\/wp-json\/wp\/v2\/comments?post=2522"}],"version-history":[{"count":17,"href":"https:\/\/isfdyt24-bue.infd.edu.ar\/sitio\/wp-json\/wp\/v2\/pages\/2522\/revisions"}],"predecessor-version":[{"id":5579,"href":"https:\/\/isfdyt24-bue.infd.edu.ar\/sitio\/wp-json\/wp\/v2\/pages\/2522\/revisions\/5579"}],"wp:attachment":[{"href":"https:\/\/isfdyt24-bue.infd.edu.ar\/sitio\/wp-json\/wp\/v2\/media?parent=2522"}],"curies":[{"name":"wp","href":"https:\/\/api.w.org\/{rel}","templated":true}]}}