{"id":2877,"date":"2021-07-05T15:43:33","date_gmt":"2021-07-05T18:43:33","guid":{"rendered":"https:\/\/isfdyt24-bue.infd.edu.ar\/sitio\/?page_id=2877"},"modified":"2022-05-03T10:32:36","modified_gmt":"2022-05-03T13:32:36","slug":"noticias-y-comunicados","status":"publish","type":"page","link":"https:\/\/isfdyt24-bue.infd.edu.ar\/sitio\/noticias-y-comunicados\/","title":{"rendered":"RESOLUCIONES Y COMUNICADOS"},"content":{"rendered":"\n<p class=\"has-large-font-size\"><strong>RESOLUCIONES, DISPOSICIONES Y COMUNICADOS VARIOS.<\/strong><\/p>\n\n\n\n<p style=\"font-size:30px\"><strong>MAYO 2022<\/strong><\/p>\n\n\n\n<div class=\"wp-block-file\"><a href=\"https:\/\/isfdyt24-bue.infd.edu.ar\/sitio\/wp-content\/uploads\/2022\/05\/Comunicacio\u0301n-Conjunta-No3_22_.pdf\">Comunicacio\u0301n Conjunta N\u00b03\/22 Comunicaci\u00f3n sobre situaciones acad\u00e9micas en instituciones del Nivel Superior.<\/a><a href=\"https:\/\/isfdyt24-bue.infd.edu.ar\/sitio\/wp-content\/uploads\/2022\/05\/Comunicacio\u0301n-Conjunta-No3_22_.pdf\" class=\"wp-block-file__button\" download>Descarga<\/a><\/div>\n\n\n\n<p style=\"font-size:30px\"><strong>MARZO 2022<\/strong><\/p>\n\n\n\n<div class=\"wp-block-file\"><a href=\"https:\/\/isfdyt24-bue.infd.edu.ar\/sitio\/wp-content\/uploads\/2022\/03\/Comunicacion-Conjunta-No13_21_Marcos-orientadores-para-el-cierre-de-cursada-2021-y-proyeccio\u0301n-de-las-acciones.pdf\"><br>Comunicaci\u00f3n ConjuntaN\u00b0:13\/21 Marcos orientadores para el cierre de cursada 2021 y proyeccio\u0301n de las acciones<\/a><a href=\"https:\/\/isfdyt24-bue.infd.edu.ar\/sitio\/wp-content\/uploads\/2022\/03\/Comunicacion-Conjunta-No13_21_Marcos-orientadores-para-el-cierre-de-cursada-2021-y-proyeccio\u0301n-de-las-acciones.pdf\" class=\"wp-block-file__button\" download>Descarga<\/a><\/div>\n\n\n<h3>JUNIO 2021<\/h3>\n<p>23\/06\/2021&#8211;<a href=\"https:\/\/isfdyt24-bue.infd.edu.ar\/sitio\/wp-content\/uploads\/2021\/07\/Comunicacio%CC%81n-protocolo-2-1.pdf\">Comunicaci\u00f3n Conjunta N\u00b0 7\/21<\/a>:&nbsp;<a href=\"https:\/\/isfdyt24-bue.infd.edu.ar\/sitio\/wp-content\/uploads\/2021\/07\/Protocolo-Superior-Pra%CC%81cticas-y-Residencias-FD.-22-6-21-2.pdf\">PROTOCOLO PARA EL REGRESO SEGURO Y PROGRESIVO A LAS ACTIVIDADES DEL ESPACIO\/CAMPO DE LA PR\u00c1CTICA.<\/a><\/p>\n<p><a href=\"https:\/\/isfdyt24-bue.infd.edu.ar\/sitio\/wp-content\/uploads\/2021\/07\/DGCyE-Comunidado-12-de-junio-version-final.pdf\">12\/06\/2021&#8211;Decreto de Necesidad y Urgencia del Poder Ejecutivo Nacional N\u00b0:&nbsp;381\/2021 y al Decreto Provincial N\u00b0 361\/21<\/a><\/p>\n<p><a href=\"https:\/\/isfdyt24-bue.infd.edu.ar\/sitio\/wp-content\/uploads\/2021\/07\/DFDI.Doc-Practica-_VF-02-06-21-1-1.pdf\">02\/06\/2021&#8211;Comunicaci\u00f3n Conjunta N\u00ba 6\/21:&nbsp;El campo de la pr\u00e1ctica: continuidades y propuestas para la formaci\u00f3n docente.<\/a><\/p>\n<h3>MAYO 2021<\/h3>\n<p><a href=\"https:\/\/isfdyt24-bue.infd.edu.ar\/sitio\/wp-content\/uploads\/2021\/07\/Documento-Inst.-1-21.pdf\">15\/05\/2021&#8211;PRIMER DOCUMENTO INSTITUCIONAL 2021: SOBRE R\u00c9GIMEN DE CURSADAS Y EVALUACI\u00d3N EN EL MARCO DE LOS PROCESOS DE ENSE\u00d1ANZA Y APRENDIZAJE VIRTUALES EN CONTEXTO DE DISPO (Doc. Inter. N\u00b0 1\/21).<\/a><\/p>\n<p><a href=\"https:\/\/isfdyt24-bue.infd.edu.ar\/sitio\/wp-content\/uploads\/2021\/07\/com.conj-4-21.docx-1.pdf\">Comunicaci\u00f3n Conjunta N\u00ba 4\/21: \u201cPautas para la inscripci\u00f3n, la evaluaci\u00f3n y la acreditaci\u00f3n en el Nivel Superior para el ciclo 2021\u201d<\/a><\/p>","protected":false},"excerpt":{"rendered":"<p>RESOLUCIONES, DISPOSICIONES Y COMUNICADOS VARIOS. MAYO 2022 MARZO 2022 JUNIO 2021 23\/06\/2021&#8211;Comunicaci\u00f3n Conjunta N\u00b0 7\/21:&nbsp;PROTOCOLO PARA EL REGRESO SEGURO Y PROGRESIVO A LAS ACTIVIDADES DEL ESPACIO\/CAMPO DE LA PR\u00c1CTICA. 12\/06\/2021&#8211;Decreto de Necesidad y Urgencia del Poder Ejecutivo Nacional N\u00b0:&nbsp;381\/2021 y al Decreto Provincial N\u00b0 361\/21 02\/06\/2021&#8211;Comunicaci\u00f3n Conjunta N\u00ba 6\/21:&nbsp;El campo de la pr\u00e1ctica: continuidades y &#8230; <a title=\"RESOLUCIONES Y COMUNICADOS\" class=\"read-more\" href=\"https:\/\/isfdyt24-bue.infd.edu.ar\/sitio\/noticias-y-comunicados\/\" aria-label=\"More on RESOLUCIONES Y COMUNICADOS\">[+]<\/a><\/p>\n","protected":false},"author":6009,"featured_media":0,"parent":0,"menu_order":0,"comment_status":"closed","ping_status":"closed","template":"","meta":[],"acf":[],"_links":{"self":[{"href":"https:\/\/isfdyt24-bue.infd.edu.ar\/sitio\/wp-json\/wp\/v2\/pages\/2877"}],"collection":[{"href":"https:\/\/isfdyt24-bue.infd.edu.ar\/sitio\/wp-json\/wp\/v2\/pages"}],"about":[{"href":"https:\/\/isfdyt24-bue.infd.edu.ar\/sitio\/wp-json\/wp\/v2\/types\/page"}],"author":[{"embeddable":true,"href":"https:\/\/isfdyt24-bue.infd.edu.ar\/sitio\/wp-json\/wp\/v2\/users\/6009"}],"replies":[{"embeddable":true,"href":"https:\/\/isfdyt24-bue.infd.edu.ar\/sitio\/wp-json\/wp\/v2\/comments?post=2877"}],"version-history":[{"count":4,"href":"https:\/\/isfdyt24-bue.infd.edu.ar\/sitio\/wp-json\/wp\/v2\/pages\/2877\/revisions"}],"predecessor-version":[{"id":3647,"href":"https:\/\/isfdyt24-bue.infd.edu.ar\/sitio\/wp-json\/wp\/v2\/pages\/2877\/revisions\/3647"}],"wp:attachment":[{"href":"https:\/\/isfdyt24-bue.infd.edu.ar\/sitio\/wp-json\/wp\/v2\/media?parent=2877"}],"curies":[{"name":"wp","href":"https:\/\/api.w.org\/{rel}","templated":true}]}}