{"id":3108,"date":"2021-11-02T18:57:28","date_gmt":"2021-11-02T21:57:28","guid":{"rendered":"https:\/\/isfdyt24-bue.infd.edu.ar\/sitio\/?page_id=3108"},"modified":"2021-11-10T09:37:49","modified_gmt":"2021-11-10T12:37:49","slug":"instructivo-para-estudiantes","status":"publish","type":"page","link":"https:\/\/isfdyt24-bue.infd.edu.ar\/sitio\/instructivo-para-estudiantes\/","title":{"rendered":"Instructivo para Estudiantes"},"content":{"rendered":"\n<ul type=\"1\"><li>1. Una vez que ingreso a la p\u00e1gina de la Instituci\u00f3n&nbsp;<a href=\"https:\/\/isfdyt24-bue.infd.edu.ar\/sitio\/\"><strong><em>isfdyt24.bue.infd.edu.ar<\/em><\/strong><\/a><\/li><li>2. Ingresar a la solapa<strong>&nbsp;SADIS.<\/strong>&nbsp;y luego&nbsp;<strong>ESTUDIANTES<\/strong>.<\/li><\/ul>\n\n\n\n<figure class=\"wp-block-image size-large\"><img decoding=\"async\" loading=\"lazy\" width=\"829\" height=\"288\" src=\"https:\/\/isfdyt24-bue.infd.edu.ar\/sitio\/wp-content\/uploads\/2021\/11\/ESTUDIANTES.jpg\" alt=\"\" class=\"wp-image-3141\" srcset=\"https:\/\/isfdyt24-bue.infd.edu.ar\/sitio\/wp-content\/uploads\/2021\/11\/ESTUDIANTES.jpg 829w, https:\/\/isfdyt24-bue.infd.edu.ar\/sitio\/wp-content\/uploads\/2021\/11\/ESTUDIANTES-768x267.jpg 768w\" sizes=\"(max-width: 829px) 100vw, 829px\" \/><\/figure>\n\n\n\n<ul><li>3. Luego INGRESO A SADIS<\/li><li>4. Colocar DNI y como clave inicial colocar 1234<\/li><li>5. Colocar el c\u00f3digo que aparece en la p\u00e1gina e ingresar<\/li><\/ul>\n\n\n\n<figure class=\"wp-block-image\"><img decoding=\"async\" loading=\"lazy\" width=\"1024\" height=\"600\" src=\"https:\/\/isfdyt24-bue.infd.edu.ar\/sitio\/wp-content\/uploads\/2021\/11\/imagen-sadis-estudiantes.jpg\" alt=\"\" class=\"wp-image-3097\" srcset=\"https:\/\/isfdyt24-bue.infd.edu.ar\/sitio\/wp-content\/uploads\/2021\/11\/imagen-sadis-estudiantes.jpg 1024w, https:\/\/isfdyt24-bue.infd.edu.ar\/sitio\/wp-content\/uploads\/2021\/11\/imagen-sadis-estudiantes-1000x586.jpg 1000w, https:\/\/isfdyt24-bue.infd.edu.ar\/sitio\/wp-content\/uploads\/2021\/11\/imagen-sadis-estudiantes-768x450.jpg 768w\" sizes=\"(max-width: 1024px) 100vw, 1024px\" \/><\/figure>\n\n\n\n<ul><li>6. Dentro de la p\u00e1gina ir a Inscribirse a una materia. Ah\u00ed se despliegan todas las materias disponibles y si el alumno est\u00e1 en condiciones de rendirla aparece el logo \u201cSe inscribi\u00f3 a la mesa correctamente\u201d y les aparece en la pagina inicial.<\/li><\/ul>\n\n\n\n<figure class=\"wp-block-image size-large\"><img decoding=\"async\" loading=\"lazy\" width=\"1024\" height=\"600\" src=\"https:\/\/isfdyt24-bue.infd.edu.ar\/sitio\/wp-content\/uploads\/2021\/11\/SADIS-ALUMNOS-2.jpg\" alt=\"\" class=\"wp-image-3188\" srcset=\"https:\/\/isfdyt24-bue.infd.edu.ar\/sitio\/wp-content\/uploads\/2021\/11\/SADIS-ALUMNOS-2.jpg 1024w, https:\/\/isfdyt24-bue.infd.edu.ar\/sitio\/wp-content\/uploads\/2021\/11\/SADIS-ALUMNOS-2-1000x586.jpg 1000w, https:\/\/isfdyt24-bue.infd.edu.ar\/sitio\/wp-content\/uploads\/2021\/11\/SADIS-ALUMNOS-2-768x450.jpg 768w\" sizes=\"(max-width: 1024px) 100vw, 1024px\" \/><\/figure>\n\n\n\n<ul type=\"1\"><li>7. Si\u00a0 no te figura la materia en el turno correspondiente o te falta alguna cursada en tu historial ac\u00e9rcate al Instituto para solucionar con el preceptor de tu carrera \u00a0el inconveniente y ser\u00e1 corregido y a partir de ah\u00ed te aparecer\u00e1 correctamente. (Venir con la libreta donde figure la aprobaci\u00f3n de la cursada y\/o su correlativa)<\/li><li><span class=\"has-inline-color has-vivid-red-color\">8. <strong>IMPORTANTE:\u00a0 Si no perteneces a la Carrera comunicar al preceptor de la misma a que Carrera perteneces para poder despu\u00e9s volcar la nota en tu Carrera de origen.\u00a0<\/strong><\/span><\/li><li>9. Desde esta misma p\u00e1gina pueden borrarse de la materia y volver a reinscribirse mientras siga abierta la inscripci\u00f3n a la materia que es 48 hs h\u00e1biles antes de la mesa de examen. <strong><em>DESPUES YA NO HAY OPCI\u00d3N A BORRARSE DE LA MESA \u00a0PORQUE EL SISTEMA NO LO PERMITE.<\/em><\/strong><\/li><li>10. Ten\u00e9 en cuenta que no vas a poder anotarte en correlativas si est\u00e1s se rinden en 2 d\u00edas consecutivos; tienen que tener un margen de 48 hs. h\u00e1biles u organizarlas para dar una en el primer llamado y la otra en el segundo.<\/li><li>11. <strong><em><u>CORROBOR\u00c1 AL INSCRIBIRTE QUE TE EST\u00c1S ANOTANDO CON EL PROFESOR QUE CORRESPONDE.<\/u><\/em><\/strong><\/li><\/ul>\n","protected":false},"excerpt":{"rendered":"<p>1. Una vez que ingreso a la p\u00e1gina de la Instituci\u00f3n&nbsp;isfdyt24.bue.infd.edu.ar 2. Ingresar a la solapa&nbsp;SADIS.&nbsp;y luego&nbsp;ESTUDIANTES. 3. Luego INGRESO A SADIS 4. Colocar DNI y como clave inicial colocar 1234 5. Colocar el c\u00f3digo que aparece en la p\u00e1gina e ingresar 6. Dentro de la p\u00e1gina ir a Inscribirse a una materia. Ah\u00ed se &#8230; <a title=\"Instructivo para Estudiantes\" class=\"read-more\" href=\"https:\/\/isfdyt24-bue.infd.edu.ar\/sitio\/instructivo-para-estudiantes\/\" aria-label=\"More on Instructivo para Estudiantes\">[+]<\/a><\/p>\n","protected":false},"author":6009,"featured_media":0,"parent":0,"menu_order":0,"comment_status":"closed","ping_status":"closed","template":"","meta":[],"acf":[],"_links":{"self":[{"href":"https:\/\/isfdyt24-bue.infd.edu.ar\/sitio\/wp-json\/wp\/v2\/pages\/3108"}],"collection":[{"href":"https:\/\/isfdyt24-bue.infd.edu.ar\/sitio\/wp-json\/wp\/v2\/pages"}],"about":[{"href":"https:\/\/isfdyt24-bue.infd.edu.ar\/sitio\/wp-json\/wp\/v2\/types\/page"}],"author":[{"embeddable":true,"href":"https:\/\/isfdyt24-bue.infd.edu.ar\/sitio\/wp-json\/wp\/v2\/users\/6009"}],"replies":[{"embeddable":true,"href":"https:\/\/isfdyt24-bue.infd.edu.ar\/sitio\/wp-json\/wp\/v2\/comments?post=3108"}],"version-history":[{"count":4,"href":"https:\/\/isfdyt24-bue.infd.edu.ar\/sitio\/wp-json\/wp\/v2\/pages\/3108\/revisions"}],"predecessor-version":[{"id":3193,"href":"https:\/\/isfdyt24-bue.infd.edu.ar\/sitio\/wp-json\/wp\/v2\/pages\/3108\/revisions\/3193"}],"wp:attachment":[{"href":"https:\/\/isfdyt24-bue.infd.edu.ar\/sitio\/wp-json\/wp\/v2\/media?parent=3108"}],"curies":[{"name":"wp","href":"https:\/\/api.w.org\/{rel}","templated":true}]}}