{"id":3125,"date":"2021-11-02T19:15:39","date_gmt":"2021-11-02T22:15:39","guid":{"rendered":"https:\/\/isfdyt24-bue.infd.edu.ar\/sitio\/?page_id=3125"},"modified":"2022-11-01T09:36:17","modified_gmt":"2022-11-01T12:36:17","slug":"instructivo-para-docentes","status":"publish","type":"page","link":"https:\/\/isfdyt24-bue.infd.edu.ar\/sitio\/instructivo-para-docentes\/","title":{"rendered":"Instructivo para Docentes"},"content":{"rendered":"\n<ul type=\"1\"><li>1. Una vez que ingreso a la p\u00e1gina de la Instituci\u00f3n <strong><em>isfdyt24.bue.infd.edu.ar<\/em><\/strong><\/li><li>2. Ingresar a la solapa<strong> SADIS.<\/strong> y luego <strong>DOCENTES<\/strong>. (como en la figura siguiente)<\/li><\/ul>\n\n\n\n<figure class=\"wp-block-image size-large\"><img decoding=\"async\" loading=\"lazy\" width=\"824\" height=\"278\" src=\"https:\/\/isfdyt24-bue.infd.edu.ar\/sitio\/wp-content\/uploads\/2021\/11\/DOCENTES.jpg\" alt=\"\" class=\"wp-image-3137\" srcset=\"https:\/\/isfdyt24-bue.infd.edu.ar\/sitio\/wp-content\/uploads\/2021\/11\/DOCENTES.jpg 824w, https:\/\/isfdyt24-bue.infd.edu.ar\/sitio\/wp-content\/uploads\/2021\/11\/DOCENTES-768x259.jpg 768w\" sizes=\"(max-width: 824px) 100vw, 824px\" \/><\/figure>\n\n\n\n<p>3. Luego <strong>INGRESO A SADIS<\/strong><\/p>\n\n\n\n<p>4. Colocar DNI y como clave&nbsp; inicial colocar 1234<\/p>\n\n\n\n<p>5. Colocar el c\u00f3digo que aparece en la pagina e ingresar<\/p>\n\n\n\n<figure class=\"wp-block-image size-large\"><img decoding=\"async\" loading=\"lazy\" width=\"1024\" height=\"600\" src=\"https:\/\/isfdyt24-bue.infd.edu.ar\/sitio\/wp-content\/uploads\/2021\/11\/imagen-sadis-estudiantes.jpg\" alt=\"\" class=\"wp-image-3097\" srcset=\"https:\/\/isfdyt24-bue.infd.edu.ar\/sitio\/wp-content\/uploads\/2021\/11\/imagen-sadis-estudiantes.jpg 1024w, https:\/\/isfdyt24-bue.infd.edu.ar\/sitio\/wp-content\/uploads\/2021\/11\/imagen-sadis-estudiantes-1000x586.jpg 1000w, https:\/\/isfdyt24-bue.infd.edu.ar\/sitio\/wp-content\/uploads\/2021\/11\/imagen-sadis-estudiantes-768x450.jpg 768w\" sizes=\"(max-width: 1024px) 100vw, 1024px\" \/><\/figure>\n\n\n\n<ul type=\"1\"><li>6. Una vez en su p\u00e1gina ir a DATOS y cambiar contrase\u00f1a por una propia si as\u00ed lo desea.<\/li><\/ul>\n\n\n\n<ul type=\"1\"><li>7. Entrar a la materia que quiere completar y colocar a cada alumno su situaci\u00f3n acad\u00e9mica.<\/li><\/ul>\n\n\n\n<figure class=\"wp-block-image size-large is-resized\"><img decoding=\"async\" loading=\"lazy\" src=\"https:\/\/isfdyt24-bue.infd.edu.ar\/sitio\/wp-content\/uploads\/2021\/11\/imagen-sadis-docentes.jpg\" alt=\"\" class=\"wp-image-3091\" width=\"1017\" height=\"596\"\/><\/figure>\n\n\n\n<p>Colocar Nota de 1\u00b0 y 2\u00b0 parcial y un tilde en Curs\u2026 a aquellos que hayan aprobado la cursada. Este paso es IMPORTANTE sino el alumno no podr\u00e1 inscribirse a finales ni a cursadas del a\u00f1o siguiente.<\/p>\n\n\n\n<p class=\"has-medium-font-size\"><strong><em>(La carga de la asistencia se coloca desde preceptor\u00eda, no lo carga el docente)<\/em><\/strong><\/p>\n\n\n\n<ul class=\"has-large-font-size\"><li><strong><span class=\"has-inline-color has-vivid-red-color\">IMPORTANTE, colocar Guardar, ya que sino se guardan los datos no se cargan.<\/span><\/strong><\/li><li><strong><span class=\"has-inline-color has-vivid-red-color\">IMPORTANTE:\u00a0NUNCA tildar la opci\u00f3n PROM.<\/span><\/strong><\/li><li><span class=\"has-inline-color has-vivid-red-color\"><strong><em>IMPORTANTE:<\/em><\/strong> Durante las mesas de examen no le deben tomar a ning\u00fan estudiante que no figure en el acta que emita el preceptor\/a (sin excepci\u00f3n)<\/span><\/li><\/ul>\n\n\n\n<p class=\"has-large-font-size\"><\/p>\n\n\n\n<div class=\"wp-block-file\"><a href=\"https:\/\/isfdyt24-bue.infd.edu.ar\/sitio\/wp-content\/uploads\/2021\/11\/Presentacion-Profes.pptx\">Presentaci\u00f3n Powerpoint<\/a><a href=\"https:\/\/isfdyt24-bue.infd.edu.ar\/sitio\/wp-content\/uploads\/2021\/11\/Presentacion-Profes.pptx\" class=\"wp-block-file__button\" download>Descarga<\/a><\/div>\n","protected":false},"excerpt":{"rendered":"<p>1. Una vez que ingreso a la p\u00e1gina de la Instituci\u00f3n isfdyt24.bue.infd.edu.ar 2. Ingresar a la solapa SADIS. y luego DOCENTES. (como en la figura siguiente) 3. Luego INGRESO A SADIS 4. Colocar DNI y como clave&nbsp; inicial colocar 1234 5. Colocar el c\u00f3digo que aparece en la pagina e ingresar Colocar Nota de 1\u00b0 &#8230; <a title=\"Instructivo para Docentes\" class=\"read-more\" href=\"https:\/\/isfdyt24-bue.infd.edu.ar\/sitio\/instructivo-para-docentes\/\" aria-label=\"More on Instructivo para Docentes\">[+]<\/a><\/p>\n","protected":false},"author":6009,"featured_media":0,"parent":0,"menu_order":0,"comment_status":"closed","ping_status":"closed","template":"","meta":[],"acf":[],"_links":{"self":[{"href":"https:\/\/isfdyt24-bue.infd.edu.ar\/sitio\/wp-json\/wp\/v2\/pages\/3125"}],"collection":[{"href":"https:\/\/isfdyt24-bue.infd.edu.ar\/sitio\/wp-json\/wp\/v2\/pages"}],"about":[{"href":"https:\/\/isfdyt24-bue.infd.edu.ar\/sitio\/wp-json\/wp\/v2\/types\/page"}],"author":[{"embeddable":true,"href":"https:\/\/isfdyt24-bue.infd.edu.ar\/sitio\/wp-json\/wp\/v2\/users\/6009"}],"replies":[{"embeddable":true,"href":"https:\/\/isfdyt24-bue.infd.edu.ar\/sitio\/wp-json\/wp\/v2\/comments?post=3125"}],"version-history":[{"count":7,"href":"https:\/\/isfdyt24-bue.infd.edu.ar\/sitio\/wp-json\/wp\/v2\/pages\/3125\/revisions"}],"predecessor-version":[{"id":3868,"href":"https:\/\/isfdyt24-bue.infd.edu.ar\/sitio\/wp-json\/wp\/v2\/pages\/3125\/revisions\/3868"}],"wp:attachment":[{"href":"https:\/\/isfdyt24-bue.infd.edu.ar\/sitio\/wp-json\/wp\/v2\/media?parent=3125"}],"curies":[{"name":"wp","href":"https:\/\/api.w.org\/{rel}","templated":true}]}}