{"id":3404,"date":"2022-03-10T23:14:46","date_gmt":"2022-03-11T02:14:46","guid":{"rendered":"https:\/\/isfdyt24-bue.infd.edu.ar\/sitio\/?page_id=3404"},"modified":"2026-03-13T13:46:50","modified_gmt":"2026-03-13T16:46:50","slug":"ingles","status":"publish","type":"page","link":"https:\/\/isfdyt24-bue.infd.edu.ar\/sitio\/ingles\/","title":{"rendered":"INGL\u00c9S"},"content":{"rendered":"\n<p class=\"has-text-align-center has-large-font-size\"><strong><em><span class=\"has-inline-color has-black-color\">PROFESORADO DE EDUCACI\u00d3N SECUNDARIA EN INGL\u00c9S<\/span><\/em><\/strong>.<\/p>\n\n\n\n<p class=\"has-text-align-center has-contrast-color has-text-color has-background\" style=\"background-color:#f09797;font-size:33px\"><strong>El ex\u00e1men de suficiencia es el 6 de Marzo de 2026 a las 16:30 hs.<\/strong> Los ingresantes deben presentarse 15 minutos antes con DNI para acreditarse.<\/p>\n\n\n\n<p class=\"has-text-align-center has-contrast-color has-text-color has-background\" style=\"background-color:#f09797;font-size:30px\">PROXIMAMENTE RESULTADOS EXAMEN DE SUFICIENCIA INGRESANTES 2026: <a href=\"https:\/\/docs.google.com\/spreadsheets\/d\/1iKZjEAkJn-G_4-Pkg__bB42FV8h7jL0T1615SomePSo\/edit?usp=sharing\">AQU\u00ed<\/a><\/p>\n\n\n\n<p class=\"has-text-align-left has-contrast-color has-base-background-color has-text-color has-background\"> <strong>HORARIO DEL REGENTE: SANDRA LUNA<\/strong> (Supl. Nerina Romero Mascaro)<br> Lunes: Turno Tarde.                                                                                                                                                            Mi\u00e9rcoles y Jueves: Turno Ma\u00f1ana<br> Martes y Viernes: Turno Vespertino<br> <strong>HORARIO DEL JEFE DE \u00c1REA: EUGENIA GIUSANI<\/strong> <br> Lunes 13:00 a 17:30 hs.<br> Jueves 9:30 a 12:30 hs.<br> Viernes 10:00 a 12:30 hs. <br><strong>PRECEPTORES:<\/strong><br>TURNO MA\u00d1ANA:<strong> <strong>Cintia Castro Oyola<\/strong><\/strong> <br>TURNO TARDE: <strong>Romina<\/strong><br>TURNO VESPERTINO: <strong>Rocio<\/strong><\/p>\n\n\n\n<h1 class=\"wp-block-heading has-medium-font-size\" style=\"text-transform:uppercase\"><a href=\"https:\/\/isfdyt24-bue.infd.edu.ar\/sitio\/material-para-el-examen-de-suficiencia-ingles\/\">MATERIAL PARA EL EXAMEN DE SUFICIENCIA.<\/a><\/h1>\n\n\n\n<p class=\"has-medium-font-size\"><a href=\"https:\/\/isfdyt24-bue.infd.edu.ar\/sitio\/nueva-estructura-curricular-2018-2\/\"><strong>NUEVA ESTRUCTURA CURRICULAR 2018.<\/strong><\/a> (VIGENTE)<\/p>\n\n\n\n<p class=\"has-medium-font-size\"><strong><a href=\"https:\/\/isfdyt24-bue.infd.edu.ar\/sitio\/diseno-curricular-vigente-2-a-4-ano\/\">DISE\u00d1O CURRICULAR (PLAN VIEJO).<\/a><\/strong><\/p>\n\n\n\n<p class=\"has-medium-font-size\"><strong><a href=\"https:\/\/isfdyt24-bue.infd.edu.ar\/sitio\/equivalencias-cambio-de-plan\/\">EQUIVALENCIAS CAMBIO DE PLAN.<\/a><\/strong><\/p>\n\n\n\n<p class=\"has-medium-font-size\"><strong><a href=\"https:\/\/isfdyt24-bue.infd.edu.ar\/sitio\/correlatividades-ingles\/\">CORRELATIVIDADES (LOS DOS PLANES).<\/a><\/strong><\/p>\n\n\n\n<div class=\"wp-block-file\"><a id=\"wp-block-file--media-6847837a-9aeb-4142-a6f4-9932fed58256\" href=\"https:\/\/isfdyt24-bue.infd.edu.ar\/sitio\/wp-content\/uploads\/2025\/11\/Reglamento-de-PrA\u0303\u00a1cticas-Docentes-InglA\u0303\u00a9s.pdf\">REGLAMENTO DE PR\u00c1CTICAS <\/a><a href=\"https:\/\/isfdyt24-bue.infd.edu.ar\/sitio\/wp-content\/uploads\/2025\/11\/Reglamento-de-PrA\u0303\u00a1cticas-Docentes-InglA\u0303\u00a9s.pdf\" class=\"wp-block-file__button wp-element-button\" download aria-describedby=\"wp-block-file--media-6847837a-9aeb-4142-a6f4-9932fed58256\">Descarga<\/a><\/div>\n\n\n\n<div class=\"wp-block-media-text alignwide has-media-on-the-right is-stacked-on-mobile is-vertically-aligned-center has-base-2-background-color has-background has-small-font-size\" style=\"grid-template-columns:auto 38%\"><div class=\"wp-block-media-text__content\">\n<p class=\"has-text-align-center has-base-3-color has-text-color has-background has-medium-font-size\" style=\"background-color:#f80404\"><strong>Solo para estudiantes que ya est\u00e1n inscriptos en el Instituto<\/strong>.<\/p>\n\n\n\n<p class=\"has-text-align-center has-text-color has-large-font-size\" style=\"color:#f50851;line-height:1.2\">AUTO- INSCRIPCI\u00d3N AL CAMPUS DEL INSTITUTO <\/p>\n\n\n\n<p>Ac\u00e1 podes encontrar el <strong>El Link<\/strong> y c\u00f3digo <strong>QR<\/strong> que da acceso al campus del Instituto, es \u00fanicamente para estar como usuario del mismo.<\/p>\n<p>El ingreso a las diferentes aulas lo genera cada docente<\/p>\n<p>EL DNI SERA EL USUARIO POR LO TANTO DEBE ESTAR SIN PUNTOS NI ESPACIOS<\/p>\n<p>LINK: <a href=\"https:\/\/isfdyt24-bue.infd.edu.ar\/aula\/catalogo.cgi?wAccion=oferta_view&amp;oferta_id=17\">https:\/\/isfdyt24-bue.infd.edu.ar\/aula\/catalogo.cgi?wAccion=oferta_view&amp;oferta_id=17<\/a><\/p>\n<\/div><figure class=\"wp-block-media-text__media\"><img decoding=\"async\" loading=\"lazy\" width=\"450\" height=\"450\" src=\"https:\/\/isfdyt24-bue.infd.edu.ar\/sitio\/wp-content\/uploads\/2023\/04\/qrcode_isfdyt24-bue.infd_.edu_.ar-2.png\" alt=\"\" class=\"wp-image-4074 size-full\"\/><\/figure><\/div>\n","protected":false},"excerpt":{"rendered":"<p>PROFESORADO DE EDUCACI\u00d3N SECUNDARIA EN INGL\u00c9S. El ex\u00e1men de suficiencia es el 6 de Marzo de 2026 a las 16:30 hs. Los ingresantes deben presentarse 15 minutos antes con DNI para acreditarse. PROXIMAMENTE RESULTADOS EXAMEN DE SUFICIENCIA INGRESANTES 2026: AQU\u00ed HORARIO DEL REGENTE: SANDRA LUNA (Supl. Nerina Romero Mascaro) Lunes: Turno Tarde. Mi\u00e9rcoles y Jueves: &#8230; <a title=\"INGL\u00c9S\" class=\"read-more\" href=\"https:\/\/isfdyt24-bue.infd.edu.ar\/sitio\/ingles\/\" aria-label=\"More on INGL\u00c9S\">[+]<\/a><\/p>\n","protected":false},"author":6009,"featured_media":0,"parent":0,"menu_order":0,"comment_status":"closed","ping_status":"closed","template":"","meta":[],"acf":[],"_links":{"self":[{"href":"https:\/\/isfdyt24-bue.infd.edu.ar\/sitio\/wp-json\/wp\/v2\/pages\/3404"}],"collection":[{"href":"https:\/\/isfdyt24-bue.infd.edu.ar\/sitio\/wp-json\/wp\/v2\/pages"}],"about":[{"href":"https:\/\/isfdyt24-bue.infd.edu.ar\/sitio\/wp-json\/wp\/v2\/types\/page"}],"author":[{"embeddable":true,"href":"https:\/\/isfdyt24-bue.infd.edu.ar\/sitio\/wp-json\/wp\/v2\/users\/6009"}],"replies":[{"embeddable":true,"href":"https:\/\/isfdyt24-bue.infd.edu.ar\/sitio\/wp-json\/wp\/v2\/comments?post=3404"}],"version-history":[{"count":38,"href":"https:\/\/isfdyt24-bue.infd.edu.ar\/sitio\/wp-json\/wp\/v2\/pages\/3404\/revisions"}],"predecessor-version":[{"id":5647,"href":"https:\/\/isfdyt24-bue.infd.edu.ar\/sitio\/wp-json\/wp\/v2\/pages\/3404\/revisions\/5647"}],"wp:attachment":[{"href":"https:\/\/isfdyt24-bue.infd.edu.ar\/sitio\/wp-json\/wp\/v2\/media?parent=3404"}],"curies":[{"name":"wp","href":"https:\/\/api.w.org\/{rel}","templated":true}]}}