{"id":3456,"date":"2022-03-17T13:36:50","date_gmt":"2022-03-17T16:36:50","guid":{"rendered":"https:\/\/isfdyt24-bue.infd.edu.ar\/sitio\/?page_id=3456"},"modified":"2026-04-23T17:55:26","modified_gmt":"2026-04-23T20:55:26","slug":"matematica","status":"publish","type":"page","link":"https:\/\/isfdyt24-bue.infd.edu.ar\/sitio\/matematica\/","title":{"rendered":"MATEM\u00c1TICA"},"content":{"rendered":"\n<p class=\"has-text-align-center has-large-font-size\"><strong><em>PROFESORADO DE EDUCACI\u00d3N SECUNDARIA EN MATEM\u00c1TICA.<\/em><\/strong><\/p>\n\n\n\n<p><\/p>\n\n\n\n<pre class=\"wp-block-preformatted has-normal-font-size\"><mark style=\"background-color:rgba(0, 0, 0, 0)\" class=\"has-inline-color has-black-color\"> <strong>HORARIO DEL REGENTE: JAVIER DRAGO<\/strong>\n Martes: Turno Ma\u00f1ana.<\/mark>\n Mi\u00e9rcoles y Viernes: Turno Tarde.<mark style=\"background-color:rgba(0, 0, 0, 0)\" class=\"has-inline-color has-black-color\">\n Lunes y Jueves: Turno Vespertino.\n <strong>HORARIO DEL JEFE DE \u00c1REA: GABRIEL ROMERO<\/strong>\n Lunes 15:25 a 19:25 hs.\n Mi\u00e9rcoles 9:30 a 12:00 hs.\n Viernes 9:30 a 12:30 hs. <\/mark>\n<strong>PRECEPTORES:<\/strong>\nTURNO MA\u00d1ANA:<strong> Cintia Castro Oyola<\/strong>\nTURNO TARDE: <strong>Cintia Castro Oyola<\/strong>\nTURNO VESPERTINO: <strong>Stella<\/strong> <strong>Metrailler<\/strong><\/pre>\n\n\n\n<div class=\"wp-block-columns is-layout-flex wp-container-4\">\n<div class=\"wp-block-column is-layout-flow\">\n<figure class=\"wp-block-image size-full\"><a href=\"https:\/\/isfdyt24-bue.infd.edu.ar\/sitio\/plan-resolucion-5882-25-plan-nuevo-1-ano\/\"><img decoding=\"async\" loading=\"lazy\" width=\"896\" height=\"1200\" src=\"https:\/\/isfdyt24-bue.infd.edu.ar\/sitio\/wp-content\/uploads\/2026\/03\/image_a5a821e7.png\" alt=\"\" class=\"wp-image-5668\" srcset=\"https:\/\/isfdyt24-bue.infd.edu.ar\/sitio\/wp-content\/uploads\/2026\/03\/image_a5a821e7.png 896w, https:\/\/isfdyt24-bue.infd.edu.ar\/sitio\/wp-content\/uploads\/2026\/03\/image_a5a821e7-747x1000.png 747w, https:\/\/isfdyt24-bue.infd.edu.ar\/sitio\/wp-content\/uploads\/2026\/03\/image_a5a821e7-768x1029.png 768w\" sizes=\"(max-width: 896px) 100vw, 896px\" \/><\/a><\/figure>\n<\/div>\n\n\n\n<div class=\"wp-block-column is-layout-flow\">\n<figure class=\"wp-block-image size-full\"><a href=\"https:\/\/isfdyt24-bue.infd.edu.ar\/sitio\/propuesta-de-implementacion-plan-resolucion-5882-25\/\"><img decoding=\"async\" loading=\"lazy\" width=\"896\" height=\"1200\" src=\"https:\/\/isfdyt24-bue.infd.edu.ar\/sitio\/wp-content\/uploads\/2026\/03\/image_c88114ec.png\" alt=\"\" class=\"wp-image-5669\" srcset=\"https:\/\/isfdyt24-bue.infd.edu.ar\/sitio\/wp-content\/uploads\/2026\/03\/image_c88114ec.png 896w, https:\/\/isfdyt24-bue.infd.edu.ar\/sitio\/wp-content\/uploads\/2026\/03\/image_c88114ec-747x1000.png 747w, https:\/\/isfdyt24-bue.infd.edu.ar\/sitio\/wp-content\/uploads\/2026\/03\/image_c88114ec-768x1029.png 768w\" sizes=\"(max-width: 896px) 100vw, 896px\" \/><\/a><\/figure>\n<\/div>\n\n\n\n<div class=\"wp-block-column is-layout-flow\">\n<figure class=\"wp-block-image size-full\"><a href=\"https:\/\/isfdyt24-bue.infd.edu.ar\/sitio\/formularios-del-anexo-4-y-anexo-5\/\"><img decoding=\"async\" loading=\"lazy\" width=\"896\" height=\"1200\" src=\"https:\/\/isfdyt24-bue.infd.edu.ar\/sitio\/wp-content\/uploads\/2026\/03\/image_5154d15d.png\" alt=\"\" class=\"wp-image-5679\" srcset=\"https:\/\/isfdyt24-bue.infd.edu.ar\/sitio\/wp-content\/uploads\/2026\/03\/image_5154d15d.png 896w, https:\/\/isfdyt24-bue.infd.edu.ar\/sitio\/wp-content\/uploads\/2026\/03\/image_5154d15d-747x1000.png 747w, https:\/\/isfdyt24-bue.infd.edu.ar\/sitio\/wp-content\/uploads\/2026\/03\/image_5154d15d-768x1029.png 768w\" sizes=\"(max-width: 896px) 100vw, 896px\" \/><\/a><\/figure>\n<\/div>\n<\/div>\n\n\n\n<div class=\"wp-block-file\"><a id=\"wp-block-file--media-37d6f8ce-0fb3-475b-880f-aa46c4a1d35f\" href=\"https:\/\/isfdyt24-bue.infd.edu.ar\/sitio\/wp-content\/uploads\/2025\/12\/Resol.-5882-25-Plan-Prof-Matematica.pdf\">NUEVO PLAN PROFESORADO DE EDUCACI\u00d3N SECUNDARIA EN MATEM\u00c1TICA RESOL: 5882\/25 (1\u00b0 a\u00f1o ciclo 2026)<\/a><a href=\"https:\/\/isfdyt24-bue.infd.edu.ar\/sitio\/wp-content\/uploads\/2025\/12\/Resol.-5882-25-Plan-Prof-Matematica.pdf\" class=\"wp-block-file__button wp-element-button\" download aria-describedby=\"wp-block-file--media-37d6f8ce-0fb3-475b-880f-aa46c4a1d35f\">Descarga<\/a><\/div>\n\n\n\n<ul>\n<li><a href=\"https:\/\/isfdyt24-bue.infd.edu.ar\/sitio\/diseno-curricular-completo-2018\/\">PLAN RESOLUCI\u00d3N 1861\/17 (2\u00b0, 3\u00b0 y 4\u00b0 a\u00f1o ciclo 2026).<\/a><\/li>\n<\/ul>\n\n\n\n<ul>\n<li><a href=\"https:\/\/isfdyt24-bue.infd.edu.ar\/sitio\/equivalencias-cambio-de-plan-2\/\">EQUIVALENCIAS CAMBIO DE PLAN<\/a> ( de 1996 a 2017 )<\/li>\n<\/ul>\n\n\n\n<ul>\n<li><a href=\"https:\/\/drive.google.com\/file\/d\/1JEycs8IM-FT7hUthWA4uVPUtJcjA8pTy\/view?usp=drive_link\">REGLAMENTO DEL CAMPO DE LA FORMACI\u00d3N DE LA PR\u00c1CTICA PROFESIONAL.<\/a><\/li>\n<\/ul>\n\n\n\n<div class=\"wp-block-media-text alignwide has-media-on-the-right is-stacked-on-mobile is-vertically-aligned-center has-base-2-background-color has-background has-small-font-size\" style=\"grid-template-columns:auto 38%\"><div class=\"wp-block-media-text__content\">\n<p class=\"has-text-align-center has-base-3-color has-text-color has-background has-medium-font-size\" style=\"background-color:#fb0505\"><strong>Solo para estudiantes que ya est\u00e1n inscriptos en el Instituto<\/strong>.<\/p>\n\n\n\n<p class=\"has-text-align-center has-text-color has-large-font-size\" style=\"color:#f50851;line-height:1.2\">AUTO- INSCRIPCI\u00d3N AL CAMPUS DEL INSTITUTO <\/p>\n\n\n\n<p>Ac\u00e1 podes encontrar el <strong>El Link<\/strong> y c\u00f3digo <strong>QR<\/strong> que da acceso al campus del Instituto, es \u00fanicamente para estar como usuario del mismo.<\/p>\n<p>El ingreso a las diferentes aulas lo genera cada docente<\/p>\n<p>EL DNI SERA EL USUARIO POR LO TANTO DEBE ESTAR SIN PUNTOS NI ESPACIOS<\/p>\n<p>LINK: <a href=\"https:\/\/isfdyt24-bue.infd.edu.ar\/aula\/catalogo.cgi?wAccion=oferta_view&amp;oferta_id=16\">https:\/\/isfdyt24-bue.infd.edu.ar\/aula\/catalogo.cgi?wAccion=oferta_view&amp;oferta_id=16<\/a><\/p>\n<\/div><figure class=\"wp-block-media-text__media\"><img decoding=\"async\" loading=\"lazy\" width=\"450\" height=\"450\" src=\"https:\/\/isfdyt24-bue.infd.edu.ar\/sitio\/wp-content\/uploads\/2023\/04\/qrcode_isfdyt24-bue.infd_.edu_.ar-1-3.png\" alt=\"\" class=\"wp-image-4067 size-full\"\/><\/figure><\/div>\n\n\n\n<pre class=\"wp-block-preformatted has-background has-large-font-size\" style=\"background-color:#b9fbcc\"><strong>LISTAS DE INGRESANTES 2026<\/strong>: <a href=\"https:\/\/docs.google.com\/spreadsheets\/d\/1OOcLvkOY-NQ6_eb6r-wuki1mXAEQYWWo\/edit?usp=sharing&amp;ouid=108250101407894112822&amp;rtpof=true&amp;sd=true\"><strong>AQU\u00cd<\/strong><\/a> <\/pre>\n","protected":false},"excerpt":{"rendered":"<p>PROFESORADO DE EDUCACI\u00d3N SECUNDARIA EN MATEM\u00c1TICA. HORARIO DEL REGENTE: JAVIER DRAGO Martes: Turno Ma\u00f1ana. Mi\u00e9rcoles y Viernes: Turno Tarde. Lunes y Jueves: Turno Vespertino. HORARIO DEL JEFE DE \u00c1REA: GABRIEL ROMERO Lunes 15:25 a 19:25 hs. Mi\u00e9rcoles 9:30 a 12:00 hs. Viernes 9:30 a 12:30 hs. PRECEPTORES: TURNO MA\u00d1ANA: Cintia Castro Oyola TURNO TARDE: Cintia &#8230; <a title=\"MATEM\u00c1TICA\" class=\"read-more\" href=\"https:\/\/isfdyt24-bue.infd.edu.ar\/sitio\/matematica\/\" aria-label=\"More on MATEM\u00c1TICA\">[+]<\/a><\/p>\n","protected":false},"author":6009,"featured_media":0,"parent":0,"menu_order":0,"comment_status":"closed","ping_status":"closed","template":"","meta":[],"acf":[],"_links":{"self":[{"href":"https:\/\/isfdyt24-bue.infd.edu.ar\/sitio\/wp-json\/wp\/v2\/pages\/3456"}],"collection":[{"href":"https:\/\/isfdyt24-bue.infd.edu.ar\/sitio\/wp-json\/wp\/v2\/pages"}],"about":[{"href":"https:\/\/isfdyt24-bue.infd.edu.ar\/sitio\/wp-json\/wp\/v2\/types\/page"}],"author":[{"embeddable":true,"href":"https:\/\/isfdyt24-bue.infd.edu.ar\/sitio\/wp-json\/wp\/v2\/users\/6009"}],"replies":[{"embeddable":true,"href":"https:\/\/isfdyt24-bue.infd.edu.ar\/sitio\/wp-json\/wp\/v2\/comments?post=3456"}],"version-history":[{"count":51,"href":"https:\/\/isfdyt24-bue.infd.edu.ar\/sitio\/wp-json\/wp\/v2\/pages\/3456\/revisions"}],"predecessor-version":[{"id":5790,"href":"https:\/\/isfdyt24-bue.infd.edu.ar\/sitio\/wp-json\/wp\/v2\/pages\/3456\/revisions\/5790"}],"wp:attachment":[{"href":"https:\/\/isfdyt24-bue.infd.edu.ar\/sitio\/wp-json\/wp\/v2\/media?parent=3456"}],"curies":[{"name":"wp","href":"https:\/\/api.w.org\/{rel}","templated":true}]}}