{"id":3478,"date":"2022-03-17T17:35:16","date_gmt":"2022-03-17T20:35:16","guid":{"rendered":"https:\/\/isfdyt24-bue.infd.edu.ar\/sitio\/?page_id=3478"},"modified":"2025-11-10T19:08:16","modified_gmt":"2025-11-10T22:08:16","slug":"cs-naturales","status":"publish","type":"page","link":"https:\/\/isfdyt24-bue.infd.edu.ar\/sitio\/cs-naturales\/","title":{"rendered":"Cs. NATURALES"},"content":{"rendered":"\n<p class=\"has-contrast-color has-text-color has-large-font-size\"><strong><em>Pautas para la implementaci\u00f3n de los nuevos dise\u00f1os de Qu\u00edmica, F\u00edsica y Biolog\u00eda<\/em><\/strong>.<\/p>\n\n\n\n<pre class=\"wp-block-preformatted has-very-light-gray-to-cyan-bluish-gray-gradient-background has-text-color has-background\" style=\"color:#a23d3d;font-size:24px\"><strong>INSCRIPCI\u00d3N A MATERIAS CUATRIMESTRALES DEL 2\u00b0 CUATRIMESTRE<\/strong> 2025\n<strong>\nCompletar el siguiente formulario<\/strong>:<a href=\"https:\/\/forms.gle\/fVGoVttbPCkCQGob6\"> AQU\u00cd<\/a><\/pre>\n\n\n\n<div class=\"wp-block-file\"><a id=\"wp-block-file--media-c45ab73d-399c-4d32-bb66-23752b3af485\" href=\"https:\/\/isfdyt24-bue.infd.edu.ar\/sitio\/wp-content\/uploads\/2025\/11\/Reglamento-de-Practicas-Docentes-Cs.-Naturales-Junio-24-Actualizado.pdf\">Reglamento de Pr\u00e1cticas Docentes Cs. Naturales.<\/a><a href=\"https:\/\/isfdyt24-bue.infd.edu.ar\/sitio\/wp-content\/uploads\/2025\/11\/Reglamento-de-Practicas-Docentes-Cs.-Naturales-Junio-24-Actualizado.pdf\" class=\"wp-block-file__button wp-element-button\" download aria-describedby=\"wp-block-file--media-c45ab73d-399c-4d32-bb66-23752b3af485\">Descarga<\/a><\/div>\n\n\n\n<pre class=\"wp-block-preformatted\"><strong>HORARIO DEL REGENTE: <\/strong>CARINA MENDELEVICH \nMi\u00e9rcoles: Turno Ma\u00f1ana.\nMartes : Turno Tarde.  \nLunes, Jueves y Viernes: Turno Vespertino.\n<strong>HORARIO DEL JEFE DE \u00c1REA: a designar  <\/strong>\nLunes   \nMi\u00e9rcoles   \nViernes \n<strong>PRECEPTORES: <\/strong>\nTURNO MA\u00d1ANA: Maximiliano Quiroz.\nTURNO TARDE: Nancy Machenik \nTURNO VESPERTINO: Claudio Corbani, Nancy Machenik y Romina Fernandez<\/pre>\n\n\n\n<pre class=\"wp-block-preformatted\"><em><strong>ESTUDIANTES QUE CONTINUAN EN EL PLAN ANTERIOR A 2023:<\/strong><\/em>\nPautas <a href=\"https:\/\/drive.google.com\/file\/d\/15bXnx8LiNON8dsChgoH5A0x8y_rUyhgH\/view?usp=sharing\">ANEXO 3 AQU\u00cd<\/a>\nFormulario <a href=\"https:\/\/drive.google.com\/file\/d\/1nmN7-EXkLuGzInnmSvtupqKr6YNV0MS6\/view?usp=sharing\">ANEXO 4 AQU\u00cd<\/a>\nFormulario <a href=\"https:\/\/drive.google.com\/file\/d\/1-o92WY_Y61hH8DdkBQb9MDh2dgZPc79a\/view?usp=sharing\">ANEXO 5 AQU\u00cd<\/a>\n\n<em><strong>ESTUDIANTES QUE SOLICITAN CAMBIO AL NUEVO PLAN:<\/strong><\/em>\nPautas <a href=\"https:\/\/drive.google.com\/file\/d\/1-IkVHoaNbCrYosM8YnOOn_eASxoz3D0z\/view?usp=sharing\">ANEXO 2 AQU\u00cd<\/a>\nFormulario <a href=\"https:\/\/drive.google.com\/file\/d\/1nmN7-EXkLuGzInnmSvtupqKr6YNV0MS6\/view?usp=sharing\">ANEXO 4 AQU\u00cd<\/a>\n<\/pre>\n\n\n\n<p><\/p>\n\n\n\n<div class=\"wp-block-columns is-layout-flex wp-container-4\">\n<div class=\"wp-block-column is-layout-flow\"><div class=\"wp-block-image\">\n<figure class=\"aligncenter size-large is-resized\"><a href=\"https:\/\/isfdyt24-bue.infd.edu.ar\/sitio\/profesorado-en-quimica-con-trayecto-en-ciencias-naturales\/\"><img decoding=\"async\" loading=\"lazy\" src=\"https:\/\/isfdyt24-bue.infd.edu.ar\/sitio\/wp-content\/uploads\/2022\/03\/Quimica.jpg\" alt=\"\" class=\"wp-image-3479\" width=\"296\" height=\"176\"\/><\/a><figcaption class=\"wp-element-caption\">Profesorado en Qu\u00edmica. <\/figcaption><\/figure><\/div><\/div>\n\n\n\n<div class=\"wp-block-column is-layout-flow\"><div class=\"wp-block-image\">\n<figure class=\"aligncenter size-large is-resized\"><a href=\"https:\/\/isfdyt24-bue.infd.edu.ar\/sitio\/profesorado-en-biologia-con-trayecto-en-ciencias-naturales\/\"><img decoding=\"async\" loading=\"lazy\" src=\"https:\/\/isfdyt24-bue.infd.edu.ar\/sitio\/wp-content\/uploads\/2022\/03\/biologia.jpg\" alt=\"\" class=\"wp-image-3481\" width=\"317\" height=\"175\"\/><\/a><figcaption class=\"wp-element-caption\">Profesorado en Biolog\u00eda.<\/figcaption><\/figure><\/div><\/div>\n\n\n\n<div class=\"wp-block-column is-layout-flow\"><div class=\"wp-block-image\">\n<figure class=\"aligncenter size-large is-resized\"><a href=\"https:\/\/isfdyt24-bue.infd.edu.ar\/sitio\/profesorado-en-fisica-con-trayecto-en-ciencias-naturales\/\"><img decoding=\"async\" loading=\"lazy\" src=\"https:\/\/isfdyt24-bue.infd.edu.ar\/sitio\/wp-content\/uploads\/2022\/03\/fisica.jpg\" alt=\"\" class=\"wp-image-3480\" width=\"274\" height=\"170\"\/><\/a><figcaption class=\"wp-element-caption\">Profesorado en F\u00edsica.<\/figcaption><\/figure><\/div><\/div>\n<\/div>\n\n\n\n<div class=\"wp-block-media-text alignwide has-media-on-the-right is-stacked-on-mobile is-vertically-aligned-center has-base-2-background-color has-background has-small-font-size\" style=\"grid-template-columns:auto 38%\"><div class=\"wp-block-media-text__content\">\n<p class=\"has-text-align-center has-base-3-color has-text-color has-background has-medium-font-size\" style=\"background-color:#fd0101\"><strong>Solo para estudiantes que ya est\u00e1n inscriptos en el Instituto<\/strong>.<\/p>\n\n\n\n<p class=\"has-text-align-center has-text-color has-large-font-size\" style=\"color:#f50851;line-height:1.2\">AUTO- INSCRIPCI\u00d3N AL CAMPUS DEL INSTITUTO <\/p>\n\n\n\n<p>Ac\u00e1 podes encontrar el <strong>El Link<\/strong> y c\u00f3digo <strong>QR<\/strong> que da acceso al campus del Instituto, es \u00fanicamente para estar como usuario del mismo.<\/p>\n<p>El ingreso a las diferentes aulas lo genera cada docente<\/p>\n<p>EL DNI SERA EL USUARIO POR LO TANTO DEBE ESTAR SIN PUNTOS NI ESPACIOS<\/p>\n<p>LINK: <a href=\"https:\/\/isfdyt24-bue.infd.edu.ar\/aula\/catalogo.cgi?wAccion=oferta_view&amp;oferta_id=18\">https:\/\/isfdyt24-bue.infd.edu.ar\/aula\/catalogo.cgi?wAccion=oferta_view&amp;oferta_id=18<\/a><\/p>\n<\/div><figure class=\"wp-block-media-text__media\"><img decoding=\"async\" loading=\"lazy\" width=\"450\" height=\"450\" src=\"https:\/\/isfdyt24-bue.infd.edu.ar\/sitio\/wp-content\/uploads\/2023\/04\/qrcode_isfdyt24-bue.infd_.edu_.ar-3.png\" alt=\"\" class=\"wp-image-4078 size-full\"\/><\/figure><\/div>\n\n\n\n<p>Los estudiantes de 2dos a\u00f1os de ciencias naturales <strong><em>DEBEN INSCRIBIRSE<\/em><\/strong> a la orientaci\u00f3n que van a cursar desde 3er a\u00f1o, (Qu\u00edmica, Biolog\u00eda y F\u00edsica) COMPLETANDO EL SIGUIENTE FORMULARIO: <a href=\"https:\/\/forms.gle\/bczgGcupqGfXwida7\">LINK<\/a><\/p>\n","protected":false},"excerpt":{"rendered":"<p>Pautas para la implementaci\u00f3n de los nuevos dise\u00f1os de Qu\u00edmica, F\u00edsica y Biolog\u00eda. INSCRIPCI\u00d3N A MATERIAS CUATRIMESTRALES DEL 2\u00b0 CUATRIMESTRE 2025 Completar el siguiente formulario: AQU\u00cd HORARIO DEL REGENTE: CARINA MENDELEVICH Mi\u00e9rcoles: Turno Ma\u00f1ana. Martes : Turno Tarde. Lunes, Jueves y Viernes: Turno Vespertino. HORARIO DEL JEFE DE \u00c1REA: a designar Lunes Mi\u00e9rcoles Viernes PRECEPTORES: &#8230; <a title=\"Cs. NATURALES\" class=\"read-more\" href=\"https:\/\/isfdyt24-bue.infd.edu.ar\/sitio\/cs-naturales\/\" aria-label=\"More on Cs. NATURALES\">[+]<\/a><\/p>\n","protected":false},"author":6009,"featured_media":0,"parent":0,"menu_order":0,"comment_status":"closed","ping_status":"closed","template":"","meta":[],"acf":[],"_links":{"self":[{"href":"https:\/\/isfdyt24-bue.infd.edu.ar\/sitio\/wp-json\/wp\/v2\/pages\/3478"}],"collection":[{"href":"https:\/\/isfdyt24-bue.infd.edu.ar\/sitio\/wp-json\/wp\/v2\/pages"}],"about":[{"href":"https:\/\/isfdyt24-bue.infd.edu.ar\/sitio\/wp-json\/wp\/v2\/types\/page"}],"author":[{"embeddable":true,"href":"https:\/\/isfdyt24-bue.infd.edu.ar\/sitio\/wp-json\/wp\/v2\/users\/6009"}],"replies":[{"embeddable":true,"href":"https:\/\/isfdyt24-bue.infd.edu.ar\/sitio\/wp-json\/wp\/v2\/comments?post=3478"}],"version-history":[{"count":18,"href":"https:\/\/isfdyt24-bue.infd.edu.ar\/sitio\/wp-json\/wp\/v2\/pages\/3478\/revisions"}],"predecessor-version":[{"id":5515,"href":"https:\/\/isfdyt24-bue.infd.edu.ar\/sitio\/wp-json\/wp\/v2\/pages\/3478\/revisions\/5515"}],"wp:attachment":[{"href":"https:\/\/isfdyt24-bue.infd.edu.ar\/sitio\/wp-json\/wp\/v2\/media?parent=3478"}],"curies":[{"name":"wp","href":"https:\/\/api.w.org\/{rel}","templated":true}]}}