{"id":3523,"date":"2022-03-23T07:40:00","date_gmt":"2022-03-23T10:40:00","guid":{"rendered":"https:\/\/isfdyt24-bue.infd.edu.ar\/sitio\/?page_id=3523"},"modified":"2026-03-09T10:16:32","modified_gmt":"2026-03-09T13:16:32","slug":"horario-2022","status":"publish","type":"page","link":"https:\/\/isfdyt24-bue.infd.edu.ar\/sitio\/horario-2022\/","title":{"rendered":"HORARIO 2026"},"content":{"rendered":"\n<h1 class=\"wp-block-heading has-text-align-center\"><strong><em><mark style=\"background-color:rgba(0, 0, 0, 0);color:#1000a3\" class=\"has-inline-color\">HORARIO CICLO LECTIVO 2026.<\/mark><\/em><\/strong><\/h1>\n\n\n\n<figure class=\"wp-block-table is-style-stripes\"><table class=\"has-fixed-layout\"><tbody><tr><td class=\"has-text-align-center\" data-align=\"center\">-PROFESORADO DE EDUCACI\u00d3N&nbsp;<strong>INICIAL:<\/strong><br>HORARIO:&nbsp;<a href=\"https:\/\/docs.google.com\/spreadsheets\/d\/1i4SPDheBQQVFfkEgCYVTTVH8A1f1eM72\/edit?usp=sharing&amp;ouid=109261754672899517255&amp;rtpof=true&amp;sd=true\">AQU\u00cd&nbsp;<\/a><\/td><td class=\"has-text-align-center\" data-align=\"center\">-PROFESORADO DE EDUCACI\u00d3N&nbsp;<strong>PRIMARIA&nbsp;<\/strong>:<br>HORARIO:&nbsp;<a href=\"https:\/\/docs.google.com\/spreadsheets\/d\/1oMlNTWS-oqlxjUolKG9IKPNITUkFEiUI\/edit?usp=sharing&amp;ouid=108250101407894112822&amp;rtpof=true&amp;sd=true\">AQU\u00cd<\/a><\/td><\/tr><tr><td class=\"has-text-align-center\" data-align=\"center\">-PROFESORADO DE&nbsp;<strong>MATEM\u00c1TICA<\/strong>:<br>HORARIO:&nbsp;<a href=\"https:\/\/docs.google.com\/spreadsheets\/d\/1s1DTC9wiVOXgW9i_FcLZm47eGn3h1FHC\/edit?usp=sharing&amp;ouid=108250101407894112822&amp;rtpof=true&amp;sd=true\">AQU\u00cd<\/a><\/td><td class=\"has-text-align-center\" data-align=\"center\">-PROFESORADOS DE\u00a0<strong>CIENCIAS NATURALES:<\/strong>\u00a0<br>(F\u00cdSICA, QU\u00cdMICA O BIOLOG\u00cdA):<br>HORARIO:\u00a0<a href=\"https:\/\/docs.google.com\/spreadsheets\/d\/1zFy5aRT-oU5dMJtoNiT9wF-e4qMXfiqQ3_4kUevooi0\/edit?usp=sharing\">AQU\u00cd<\/a><\/td><\/tr><tr><td class=\"has-text-align-center\" data-align=\"center\">-PROFESORADO DE\u00a0<strong>INGL\u00c9S<\/strong>:<br>HORARIO:<a href=\"https:\/\/docs.google.com\/spreadsheets\/d\/1h8PXIRWTbOYBwnZRU_L3rw22NzBqhkZs\/edit?usp=sharing&amp;ouid=108250101407894112822&amp;rtpof=true&amp;sd=true\">\u00a0AQU\u00cd<\/a><\/td><td class=\"has-text-align-center\" data-align=\"center\">-TECNICATURA EN&nbsp;<strong>AN\u00c1LISIS DE SISTEMAS<\/strong>:<br>HORARIO:&nbsp;<a href=\"https:\/\/docs.google.com\/spreadsheets\/d\/11rNqzg3HrtE260MPaQJT5N5Yzd0j6h94\/edit?usp=sharing&amp;ouid=108250101407894112822&amp;rtpof=true&amp;sd=true\">AQU\u00cd<\/a><\/td><\/tr><\/tbody><\/table><\/figure>\n\n\n\n<p><\/p>\n","protected":false},"excerpt":{"rendered":"<p>HORARIO CICLO LECTIVO 2026. -PROFESORADO DE EDUCACI\u00d3N&nbsp;INICIAL:HORARIO:&nbsp;AQU\u00cd&nbsp; -PROFESORADO DE EDUCACI\u00d3N&nbsp;PRIMARIA&nbsp;:HORARIO:&nbsp;AQU\u00cd -PROFESORADO DE&nbsp;MATEM\u00c1TICA:HORARIO:&nbsp;AQU\u00cd -PROFESORADOS DE\u00a0CIENCIAS NATURALES:\u00a0(F\u00cdSICA, QU\u00cdMICA O BIOLOG\u00cdA):HORARIO:\u00a0AQU\u00cd -PROFESORADO DE\u00a0INGL\u00c9S:HORARIO:\u00a0AQU\u00cd -TECNICATURA EN&nbsp;AN\u00c1LISIS DE SISTEMAS:HORARIO:&nbsp;AQU\u00cd<\/p>\n","protected":false},"author":6009,"featured_media":0,"parent":0,"menu_order":0,"comment_status":"closed","ping_status":"closed","template":"","meta":[],"acf":[],"_links":{"self":[{"href":"https:\/\/isfdyt24-bue.infd.edu.ar\/sitio\/wp-json\/wp\/v2\/pages\/3523"}],"collection":[{"href":"https:\/\/isfdyt24-bue.infd.edu.ar\/sitio\/wp-json\/wp\/v2\/pages"}],"about":[{"href":"https:\/\/isfdyt24-bue.infd.edu.ar\/sitio\/wp-json\/wp\/v2\/types\/page"}],"author":[{"embeddable":true,"href":"https:\/\/isfdyt24-bue.infd.edu.ar\/sitio\/wp-json\/wp\/v2\/users\/6009"}],"replies":[{"embeddable":true,"href":"https:\/\/isfdyt24-bue.infd.edu.ar\/sitio\/wp-json\/wp\/v2\/comments?post=3523"}],"version-history":[{"count":29,"href":"https:\/\/isfdyt24-bue.infd.edu.ar\/sitio\/wp-json\/wp\/v2\/pages\/3523\/revisions"}],"predecessor-version":[{"id":5637,"href":"https:\/\/isfdyt24-bue.infd.edu.ar\/sitio\/wp-json\/wp\/v2\/pages\/3523\/revisions\/5637"}],"wp:attachment":[{"href":"https:\/\/isfdyt24-bue.infd.edu.ar\/sitio\/wp-json\/wp\/v2\/media?parent=3523"}],"curies":[{"name":"wp","href":"https:\/\/api.w.org\/{rel}","templated":true}]}}