{"id":3574,"date":"2022-03-26T10:22:35","date_gmt":"2022-03-26T13:22:35","guid":{"rendered":"https:\/\/isfdyt24-bue.infd.edu.ar\/sitio\/?page_id=3574"},"modified":"2026-03-09T10:02:07","modified_gmt":"2026-03-09T13:02:07","slug":"profesorado-de-educacion-inicial","status":"publish","type":"page","link":"https:\/\/isfdyt24-bue.infd.edu.ar\/sitio\/profesorado-de-educacion-inicial\/","title":{"rendered":"PROFESORADO DE EDUCACI\u00d3N INICIAL"},"content":{"rendered":"\n<p class=\"has-huge-font-size\"><strong><em>PROFESORADO DE EDUCACI\u00d3N INICIAL<\/em><\/strong>.<\/p>\n\n\n\n<div class=\"wp-block-file\"><a id=\"wp-block-file--media-b36ffed0-f07f-4ead-b703-27f8e2167432\" href=\"https:\/\/isfdyt24-bue.infd.edu.ar\/sitio\/wp-content\/uploads\/2025\/11\/Reglamento-de-PrA\u0303\u00a1cticas-Docentes-Inicial-versiA\u0303\u00b3n-preliminar-Mayo-2024.pdf\">REGLAMENTO DE PR\u00c1CTICA<\/a><a href=\"https:\/\/isfdyt24-bue.infd.edu.ar\/sitio\/wp-content\/uploads\/2025\/11\/Reglamento-de-PrA\u0303\u00a1cticas-Docentes-Inicial-versiA\u0303\u00b3n-preliminar-Mayo-2024.pdf\" class=\"wp-block-file__button wp-element-button\" download aria-describedby=\"wp-block-file--media-b36ffed0-f07f-4ead-b703-27f8e2167432\">Descarga<\/a><\/div>\n\n\n\n<ul>\n<li><a href=\"https:\/\/isfdyt24-bue.infd.edu.ar\/sitio\/diseno-curricular\/\">DISE\u00d1O CURRICULAR<\/a>.<\/li>\n<\/ul>\n\n\n\n<ul>\n<li><a href=\"https:\/\/isfdyt24-bue.infd.edu.ar\/sitio\/correlatividades\/\">CORRELATIVIDADES.<\/a><\/li>\n<\/ul>\n\n\n\n<div class=\"wp-block-media-text alignwide has-media-on-the-right is-stacked-on-mobile is-vertically-aligned-center has-base-2-background-color has-background has-small-font-size\" style=\"grid-template-columns:auto 38%\"><div class=\"wp-block-media-text__content\">\n<p class=\"has-text-align-center has-base-3-color has-text-color has-background has-medium-font-size\" style=\"background-color:#fc0202\"><strong>Solo para estudiantes que ya est\u00e1n inscriptos en el Instituto<\/strong>.<\/p>\n\n\n\n<p class=\"has-text-align-center has-text-color has-large-font-size\" style=\"color:#f50851;line-height:1.2\">AUTO- INSCRIPCI\u00d3N AL CAMPUS DEL INSTITUTO <\/p>\n\n\n\n<p>Ac\u00e1 podes encontrar el <strong>El Link<\/strong> y c\u00f3digo <strong>QR<\/strong> que da acceso al campus del Instituto, es \u00fanicamente para estar como usuario del mismo.<\/p>\n<p>El ingreso a las diferentes aulas lo genera cada docente<\/p>\n<p>EL DNI SERA EL USUARIO POR LO TANTO DEBE ESTAR SIN PUNTOS NI ESPACIOS<\/p>\n<p>LINK: <a href=\"https:\/\/isfdyt24-bue.infd.edu.ar\/aula\/catalogo.cgi?wAccion=oferta_view&amp;oferta_id=20\">https:\/\/isfdyt24-bue.infd.edu.ar\/aula\/catalogo.cgi?wAccion=oferta_view&amp;oferta_id=20<\/a><\/p>\n<\/div><figure class=\"wp-block-media-text__media\"><img decoding=\"async\" loading=\"lazy\" width=\"450\" height=\"450\" src=\"https:\/\/isfdyt24-bue.infd.edu.ar\/sitio\/wp-content\/uploads\/2023\/04\/qrcode_isfdyt24-bue.infd_.edu_.ar-5.png\" alt=\"\" class=\"wp-image-4084 size-full\"\/><\/figure><\/div>\n\n\n\n<pre class=\"wp-block-preformatted has-contrast-color has-text-color\"><mark style=\"background-color:rgba(0, 0, 0, 0)\" class=\"has-inline-color has-black-color\"><strong>HORARIO DEL REGENTE: PABLO BENITEZ<\/strong>\n Lunes: Turno Ma\u00f1ana.\n Martes y Viernes: Turno Tarde<\/mark>\nJueves: Turno <mark style=\"background-color:rgba(0, 0, 0, 0)\" class=\"has-inline-color has-black-color\">Vespertino.\n <strong>HORARIO DEL JEFE DE \u00c1REA: <\/strong>\n Lunes \n Mi\u00e9rcoles\n Viernes<\/mark>\n<strong>PRECEPTORES:<\/strong>\nTURNO MA\u00d1ANA:<strong> <\/strong> \nTURNO TARDE:  <strong>Sergio Scarfo<\/strong><\/pre>\n","protected":false},"excerpt":{"rendered":"<p>PROFESORADO DE EDUCACI\u00d3N INICIAL. Solo para estudiantes que ya est\u00e1n inscriptos en el Instituto. AUTO- INSCRIPCI\u00d3N AL CAMPUS DEL INSTITUTO Ac\u00e1 podes encontrar el El Link y c\u00f3digo QR que da acceso al campus del Instituto, es \u00fanicamente para estar como usuario del mismo. El ingreso a las diferentes aulas lo genera cada docente EL &#8230; <a title=\"PROFESORADO DE EDUCACI\u00d3N INICIAL\" class=\"read-more\" href=\"https:\/\/isfdyt24-bue.infd.edu.ar\/sitio\/profesorado-de-educacion-inicial\/\" aria-label=\"More on PROFESORADO DE EDUCACI\u00d3N INICIAL\">[+]<\/a><\/p>\n","protected":false},"author":6009,"featured_media":0,"parent":0,"menu_order":0,"comment_status":"closed","ping_status":"closed","template":"","meta":[],"acf":[],"_links":{"self":[{"href":"https:\/\/isfdyt24-bue.infd.edu.ar\/sitio\/wp-json\/wp\/v2\/pages\/3574"}],"collection":[{"href":"https:\/\/isfdyt24-bue.infd.edu.ar\/sitio\/wp-json\/wp\/v2\/pages"}],"about":[{"href":"https:\/\/isfdyt24-bue.infd.edu.ar\/sitio\/wp-json\/wp\/v2\/types\/page"}],"author":[{"embeddable":true,"href":"https:\/\/isfdyt24-bue.infd.edu.ar\/sitio\/wp-json\/wp\/v2\/users\/6009"}],"replies":[{"embeddable":true,"href":"https:\/\/isfdyt24-bue.infd.edu.ar\/sitio\/wp-json\/wp\/v2\/comments?post=3574"}],"version-history":[{"count":7,"href":"https:\/\/isfdyt24-bue.infd.edu.ar\/sitio\/wp-json\/wp\/v2\/pages\/3574\/revisions"}],"predecessor-version":[{"id":5635,"href":"https:\/\/isfdyt24-bue.infd.edu.ar\/sitio\/wp-json\/wp\/v2\/pages\/3574\/revisions\/5635"}],"wp:attachment":[{"href":"https:\/\/isfdyt24-bue.infd.edu.ar\/sitio\/wp-json\/wp\/v2\/media?parent=3574"}],"curies":[{"name":"wp","href":"https:\/\/api.w.org\/{rel}","templated":true}]}}