{"id":3673,"date":"2022-05-24T11:29:43","date_gmt":"2022-05-24T14:29:43","guid":{"rendered":"https:\/\/isfdyt24-bue.infd.edu.ar\/sitio\/?page_id=3673"},"modified":"2024-04-23T09:15:06","modified_gmt":"2024-04-23T12:15:06","slug":"tecnicatura-superior-en-analisis-de-sistemas","status":"publish","type":"page","link":"https:\/\/isfdyt24-bue.infd.edu.ar\/sitio\/tecnicatura-superior-en-analisis-de-sistemas\/","title":{"rendered":"TECNICATURA SUPERIOR EN AN\u00c1LISIS DE SISTEMAS"},"content":{"rendered":"\n<p><strong>\u00c1REA OCUPACIONAL:<\/strong><br>El Analista de Sistemas podr\u00e1 desempe\u00f1arse en todo tipo de organizaciones que requieran una persona o grupo de personas que dirijan el an\u00e1lisis, dise\u00f1o e implementaci\u00f3n de sistemas de informaci\u00f3n. Asimismo, podr\u00e1 trabajar de forma independiente, actuando como consultor para la realizaci\u00f3n de proyectos relacionados con el an\u00e1lisis, dise\u00f1o, implementaci\u00f3n y\/ o seguimiento de sistemas de informaci\u00f3n.<br>Tambi\u00e9n podr\u00e1 actuar como auditor de sistemas de informaci\u00f3n, administrador de bases de datos, miembro de un equipo de aseguramiento de calidad, l\u00edder de equipo de pruebas de sistemas y\/o conducir grupos de trabajos en estas \u00e1reas.<br><strong>HABILITACIONES PROFESIONALES:<\/strong><br>Se establece que los Analistas de Sistemas se encuentran habilitados para analizar, dise\u00f1ar, diagnosticar, implementar y verificar sistemas de informaci\u00f3n.<br>Quedando excluido de esta habilitaci\u00f3n el software correspondiente a sistemas cr\u00edticos para la seguridad, como es el caso de los que involucren el procesamiento de informaci\u00f3n que conlleve riesgos efectivos para terceros.<br>Estas habilitaciones tienen efecto para el desempe\u00f1o profesional del Analista de Sistemas, en forma aut\u00f3noma o asumiendo plenamente la responsabilidad por los resultados que obtenga su grupo de trabajo.<\/p>\n\n\n\n<pre id=\"block-7d1fc95a-e282-4ec2-be3d-71d2cfa49625\" class=\"wp-block-preformatted\"><strong>HORARIO DEL REGENTE: SUSANA ESPINOSA<\/strong> \nLunes y Jueves: Turno Tarde\nMartes y Mi\u00e9rcoles: Turno Vespertino\nViernes: Turno Ma\u00f1ana\n<strong>HORARIO DEL JEFE DE \u00c1REA: CECILIA MAURI<\/strong>\nMartes 17.30 a 21.30 hs.\nMi\u00e9rcoles y Jueves 17.30.a.20.30 hs.\n<strong>PRECEPTORA:<\/strong>\nTURNO VESPERTINO: <strong>Andrea Fraga<\/strong><\/pre>\n\n\n\n<p><a href=\"https:\/\/drive.google.com\/file\/d\/1rqxAWFibkaUV79S86AApL6ACNpxbBtpH\/view?usp=sharing\">DISE\u00d1O CURRICULAR Res.: 6790\/19<\/a><\/p>\n\n\n\n<p><a href=\"https:\/\/drive.google.com\/file\/d\/1Z7R7gNFcHg0w5KhgfWiaOk9oTZVK1ynl\/view?usp=sharing\">ESTRUCTURA CURRICULAR Res.: 6790\/19<\/a><\/p>\n\n\n\n<p><a href=\"https:\/\/drive.google.com\/file\/d\/1jVKIkqT-A9S5X-wrTcUicihwet7l4MYP\/view?usp=sharing\">REGIMEN DE CORRELATIVIDADES Res.: 6790\/19<\/a><\/p>\n\n\n\n<div class=\"wp-block-media-text alignwide has-media-on-the-right is-stacked-on-mobile is-vertically-aligned-center has-base-2-background-color has-background has-small-font-size\" style=\"grid-template-columns:auto 42%\"><div class=\"wp-block-media-text__content\">\n<p class=\"has-text-align-center has-base-3-color has-text-color has-background has-medium-font-size\" style=\"background-color:#fc0404\"><strong>Solo para estudiantes que ya est\u00e1n inscriptos en el Instituto<\/strong>.<\/p>\n\n\n\n<p class=\"has-text-align-center has-text-color has-large-font-size\" style=\"color:#f50851;line-height:1.2\">AUTO- INSCRIPCI\u00d3N AL CAMPUS DEL INSTITUTO <\/p>\n\n\n\n<p>Ac\u00e1 podes encontrar el <strong>El Link<\/strong> y c\u00f3digo <strong>QR<\/strong> que da acceso al campus del Instituto, es \u00fanicamente para estar como usuario del mismo.<\/p>\n<p>El ingreso a las diferentes aulas lo genera cada docente<\/p>\n<p>EL DNI SERA EL USUARIO POR LO TANTO DEBE ESTAR SIN PUNTOS NI ESPACIOS<\/p>\n<p>LINK: <a href=\"https:\/\/isfdyt24-bue.infd.edu.ar\/aula\/catalogo.cgi?wAccion=oferta_view&amp;oferta_id=24\">https:\/\/isfdyt24-bue.infd.edu.ar\/aula\/catalogo.cgi?wAccion=oferta_view&amp;oferta_id=24<\/a><\/p>\n<\/div><figure class=\"wp-block-media-text__media\"><img decoding=\"async\" loading=\"lazy\" width=\"450\" height=\"450\" src=\"https:\/\/isfdyt24-bue.infd.edu.ar\/sitio\/wp-content\/uploads\/2024\/04\/qrcode_isfdyt24-bue.infd_.edu_.ar-5.png\" alt=\"\" class=\"wp-image-4602 size-full\"\/><\/figure><\/div>\n","protected":false},"excerpt":{"rendered":"<p>\u00c1REA OCUPACIONAL:El Analista de Sistemas podr\u00e1 desempe\u00f1arse en todo tipo de organizaciones que requieran una persona o grupo de personas que dirijan el an\u00e1lisis, dise\u00f1o e implementaci\u00f3n de sistemas de informaci\u00f3n. Asimismo, podr\u00e1 trabajar de forma independiente, actuando como consultor para la realizaci\u00f3n de proyectos relacionados con el an\u00e1lisis, dise\u00f1o, implementaci\u00f3n y\/ o seguimiento de &#8230; <a title=\"TECNICATURA SUPERIOR EN AN\u00c1LISIS DE SISTEMAS\" class=\"read-more\" href=\"https:\/\/isfdyt24-bue.infd.edu.ar\/sitio\/tecnicatura-superior-en-analisis-de-sistemas\/\" aria-label=\"More on TECNICATURA SUPERIOR EN AN\u00c1LISIS DE SISTEMAS\">[+]<\/a><\/p>\n","protected":false},"author":6009,"featured_media":0,"parent":0,"menu_order":0,"comment_status":"closed","ping_status":"closed","template":"","meta":[],"acf":[],"_links":{"self":[{"href":"https:\/\/isfdyt24-bue.infd.edu.ar\/sitio\/wp-json\/wp\/v2\/pages\/3673"}],"collection":[{"href":"https:\/\/isfdyt24-bue.infd.edu.ar\/sitio\/wp-json\/wp\/v2\/pages"}],"about":[{"href":"https:\/\/isfdyt24-bue.infd.edu.ar\/sitio\/wp-json\/wp\/v2\/types\/page"}],"author":[{"embeddable":true,"href":"https:\/\/isfdyt24-bue.infd.edu.ar\/sitio\/wp-json\/wp\/v2\/users\/6009"}],"replies":[{"embeddable":true,"href":"https:\/\/isfdyt24-bue.infd.edu.ar\/sitio\/wp-json\/wp\/v2\/comments?post=3673"}],"version-history":[{"count":8,"href":"https:\/\/isfdyt24-bue.infd.edu.ar\/sitio\/wp-json\/wp\/v2\/pages\/3673\/revisions"}],"predecessor-version":[{"id":4603,"href":"https:\/\/isfdyt24-bue.infd.edu.ar\/sitio\/wp-json\/wp\/v2\/pages\/3673\/revisions\/4603"}],"wp:attachment":[{"href":"https:\/\/isfdyt24-bue.infd.edu.ar\/sitio\/wp-json\/wp\/v2\/media?parent=3673"}],"curies":[{"name":"wp","href":"https:\/\/api.w.org\/{rel}","templated":true}]}}