{"id":3821,"date":"2022-10-20T21:10:52","date_gmt":"2022-10-21T00:10:52","guid":{"rendered":"https:\/\/isfdyt24-bue.infd.edu.ar\/sitio\/?page_id=3821"},"modified":"2025-12-23T11:57:56","modified_gmt":"2025-12-23T14:57:56","slug":"inscripcion-a-ingresantes-a-carreras","status":"publish","type":"page","link":"https:\/\/isfdyt24-bue.infd.edu.ar\/sitio\/inscripcion-a-ingresantes-a-carreras\/","title":{"rendered":"INSCRIPCIONES A CARRERAS 2026"},"content":{"rendered":"\n<p class=\"has-text-align-center has-huge-font-size\"><strong><mark style=\"background-color:rgba(0, 0, 0, 0);color:#4a85ed\" class=\"has-inline-color\"><em>INSCRIPCI\u00d3N PARA INGRESANTES A CARRERAS CICLO LECTIVO 2026.<\/em><\/mark><\/strong><\/p>\n\n\n\n<p class=\"has-text-align-center has-base-3-color has-text-color has-background has-x-large-font-size\" style=\"background-color:#f70707\"><strong>EL INSTITUTO NO ATENDERA INSCRIPCIONES DESDE EL 30\/12\/2025 HASTA EL 11\/02\/2026<\/strong><\/p>\n\n\n\n<p class=\"has-large-font-size\"><strong><em>INSCRIPCI\u00d3N A PARTIR DEL 10 DE NOVIEMBRE DE 2025.<\/em><\/strong> <\/p>\n\n\n\n<p>TURNO MA\u00d1ANA DE 9 A 11<\/p>\n\n\n\n<p>TURNO TARDE DE 14 A 16<\/p>\n\n\n\n<p>TURNO VESPERTINO DE 18:30 A 20:30 HS<\/p>\n\n\n\n<p>(HORARIOS PARA TODAS LAS CARRERAS)<\/p>\n\n\n\n<pre class=\"wp-block-preformatted has-medium-font-size\"><strong><mark style=\"background-color:rgba(0, 0, 0, 0);color:#1272a9\" class=\"has-inline-color\">DOCUMENTACI\u00d3N A PRESENTAR:<\/mark><\/strong>\n\n&gt; D.N.I. (original y fotocopia).\n&gt; T\u00edtulo Secundario (original y fotocopia) o certificado de t\u00edtulo secundario en tr\u00e1mite (original) o certificado de alumno regular (original).\n&gt; 3 fotos carnet 4x4\n&gt; Planilla de Inscripci\u00f3n (descargar mas abajo).\n&gt; Pago de cuota de cooperadora $ 50.000 anuales (se puede abonar todo junto o de manera fraccionada)\n&gt; Toda la documentaci\u00f3n se presenta en un folio oficio.\n\n\nNOTA: En el mes de diciembre se realizaran reuniones informativas por carrera. Los d\u00edas y horarios se publicaran en la pagina, en el <a href=\"https:\/\/www.facebook.com\/groups\/806336312774736\">Grupo de FACEBOOK oficial<\/a> y en esta secci\u00f3n.\n\nPlanilla de Inscripci\u00f3n <a href=\"https:\/\/drive.google.com\/file\/d\/1xaMagSI5IPWDNEB8JgH-JZhdRB-CfcKO\/view?usp=sharing\">DESCARGAR AQU\u00cd<\/a><\/pre>\n","protected":false},"excerpt":{"rendered":"<p>INSCRIPCI\u00d3N PARA INGRESANTES A CARRERAS CICLO LECTIVO 2026. EL INSTITUTO NO ATENDERA INSCRIPCIONES DESDE EL 30\/12\/2025 HASTA EL 11\/02\/2026 INSCRIPCI\u00d3N A PARTIR DEL 10 DE NOVIEMBRE DE 2025. TURNO MA\u00d1ANA DE 9 A 11 TURNO TARDE DE 14 A 16 TURNO VESPERTINO DE 18:30 A 20:30 HS (HORARIOS PARA TODAS LAS CARRERAS) DOCUMENTACI\u00d3N A PRESENTAR: &#8230; <a title=\"INSCRIPCIONES A CARRERAS 2026\" class=\"read-more\" href=\"https:\/\/isfdyt24-bue.infd.edu.ar\/sitio\/inscripcion-a-ingresantes-a-carreras\/\" aria-label=\"More on INSCRIPCIONES A CARRERAS 2026\">[+]<\/a><\/p>\n","protected":false},"author":4912,"featured_media":0,"parent":0,"menu_order":0,"comment_status":"closed","ping_status":"closed","template":"","meta":[],"acf":[],"_links":{"self":[{"href":"https:\/\/isfdyt24-bue.infd.edu.ar\/sitio\/wp-json\/wp\/v2\/pages\/3821"}],"collection":[{"href":"https:\/\/isfdyt24-bue.infd.edu.ar\/sitio\/wp-json\/wp\/v2\/pages"}],"about":[{"href":"https:\/\/isfdyt24-bue.infd.edu.ar\/sitio\/wp-json\/wp\/v2\/types\/page"}],"author":[{"embeddable":true,"href":"https:\/\/isfdyt24-bue.infd.edu.ar\/sitio\/wp-json\/wp\/v2\/users\/4912"}],"replies":[{"embeddable":true,"href":"https:\/\/isfdyt24-bue.infd.edu.ar\/sitio\/wp-json\/wp\/v2\/comments?post=3821"}],"version-history":[{"count":33,"href":"https:\/\/isfdyt24-bue.infd.edu.ar\/sitio\/wp-json\/wp\/v2\/pages\/3821\/revisions"}],"predecessor-version":[{"id":5600,"href":"https:\/\/isfdyt24-bue.infd.edu.ar\/sitio\/wp-json\/wp\/v2\/pages\/3821\/revisions\/5600"}],"wp:attachment":[{"href":"https:\/\/isfdyt24-bue.infd.edu.ar\/sitio\/wp-json\/wp\/v2\/media?parent=3821"}],"curies":[{"name":"wp","href":"https:\/\/api.w.org\/{rel}","templated":true}]}}