{"id":4916,"date":"2024-12-16T19:43:50","date_gmt":"2024-12-16T22:43:50","guid":{"rendered":"https:\/\/isfdyt24-bue.infd.edu.ar\/sitio\/?page_id=4916"},"modified":"2025-12-30T11:34:14","modified_gmt":"2025-12-30T14:34:14","slug":"cronograma-de-examenes-feb-mar-2025","status":"publish","type":"page","link":"https:\/\/isfdyt24-bue.infd.edu.ar\/sitio\/cronograma-de-examenes-feb-mar-2025\/","title":{"rendered":"MESAS MARZO 2026."},"content":{"rendered":"\n<div class=\"wp-block-cover is-light has-large-font-size\" style=\"min-height:400px\"><span aria-hidden=\"true\" class=\"wp-block-cover__background has-background-dim-100 has-background-dim has-background-gradient\" style=\"background:radial-gradient(rgb(67,67,222) 0%,rgb(22,61,118) 100%)\"><\/span><div class=\"wp-block-cover__inner-container\">\n<p class=\"has-text-align-center has-base-3-color has-text-color\"><strong>CRONOGRAMA DE EXAMENES FINALES<\/strong><\/p>\n\n\n\n<p class=\"has-text-align-center has-base-3-color has-text-color\">Periodo MARZO 2026<\/p>\n\n\n\n<p class=\"has-text-align-center has-base-3-color has-text-color\">INSCRIPCI\u00d3N A PARTIR DEL 18\/02\/2026<\/p>\n<\/div><\/div>\n\n\n\n<div class=\"wp-block-cover is-light\"><span aria-hidden=\"true\" class=\"wp-block-cover__background has-background-dim-100 has-background-dim has-background-gradient\" style=\"background:radial-gradient(rgb(2,3,129) 0%,rgb(213,211,241) 0%,rgb(40,116,252) 100%)\"><\/span><div class=\"wp-block-cover__inner-container\">\n<p class=\"has-text-align-center has-contrast-color has-text-color has-large-font-size\"><strong><em>ATENCI\u00d3N ESTUDIANTES <\/em><\/strong><\/p>\n\n\n\n<p class=\"has-text-align-center has-contrast-color has-text-color\" style=\"font-size:32px\"><strong><em>QUE RINDAN EN CARACTER DE LIBRE<\/em><\/strong><\/p>\n\n\n\n<p class=\"has-text-align-left\" style=\"font-size:19px\"><strong><em>Se recuerdan aspectos del R\u00e9gimen Acad\u00e9mico Marco Jurisdiccional (<a href=\"https:\/\/abc.gob.ar\/secretarias\/sites\/default\/files\/2025-04\/RAM%20Superior%204196-24%20y%20anexos.pdf\">RAM Resol.:4196\/24<\/a>)<\/em><\/strong><\/p>\n\n\n\n<p><strong>8.8<\/strong> <strong>Para la acreditaci\u00f3n de una UC en car\u00e1cter de libre<\/strong> <\/p>\n\n\n\n<p>Para acreditar una UC en car\u00e1cter de libre las y los estudiantes podr\u00e1n inscribirse en todos los turnos ordinarios establecidos en el apartado <strong>8.7.1.<\/strong> Para acceder a esta modalidad, se deber\u00e1 cumplir como \u00fanico requisito los establecidos para cursar unidades curriculares correlativas en los dise\u00f1os curriculares o en sus modificatorias.<\/p>\n\n\n\n<p>La acreditaci\u00f3n de UC en car\u00e1cter de libre contempla una instancia de evaluaci\u00f3n escrita y una instancia de evaluaci\u00f3n oral. En cada instancia se deber\u00e1 obtener un m\u00ednimo de 4 (cuatro) puntos. La nota final surge como promedio de ambas calificaciones. En caso de corresponder, se aplica la aproximaci\u00f3n por redondeo.<\/p>\n\n\n\n<p>Las unidades curriculares del Campo de la Pr\u00e1ctica Docente, el Campo de la Pr\u00e1ctica Profesionalizante y aquellas con formato taller, seminario, ateneo y laboratorio no podr\u00e1n acreditarse en car\u00e1cter de libre.<\/p>\n\n\n\n<p><strong>LA INSCRIPCI\u00d3N SERA DE FORMA PERSONAL EN EL INSTITUTO CON EL PRECEPTOR DE LA CARRERA HASTA 48 HS HABILES<\/strong> <strong>ANTERIOR A LA MESA<\/strong>.<\/p>\n<\/div><\/div>\n\n\n\n<p style=\"font-size:28px\"><strong><em>LOS ESTUDIANTES REGULARES DE TODAS LAS CARRERAS:<\/em><\/strong><\/p>\n\n\n\n<p class=\"has-text-align-center has-medium-font-size\">La inscripci\u00f3n comienza el d\u00eda lunes <strong>18\/02\/2026<\/strong>\u00a0podr\u00e1n inscribirse por el sistema SADIS hasta 48 hs. <strong>h\u00e1biles<\/strong> anteriores al d\u00eda del examen. <\/p>\n\n\n\n<h2 class=\"wp-block-heading\">\u21d2\u00a0\u00a0<em>Matem\u00e1tica<\/em>:\u00a0<a href=\"https:\/\/docs.google.com\/spreadsheets\/d\/1EavAKUATUTEM62Zr9kpj_NspqNhU7VrJCAT1QyfKeKo\/edit?usp=sharing\"><strong>AQU\u00cd<\/strong>\u00a0<\/a>\u00a0\u00a0 \u00a0 \u00a0 \u00a0<\/h2>\n\n\n\n<h2 class=\"wp-block-heading\">\u21d2\u00a0\u00a0<em>Sistemas:<\/em>\u00a0<a href=\"https:\/\/docs.google.com\/spreadsheets\/d\/1_qQJwjejHeLT7ResGkzj2m8be1UHoTbS\/edit?usp=sharing&amp;ouid=108250101407894112822&amp;rtpof=true&amp;sd=true\">AQU\u00cd<\/a><\/h2>\n\n\n\n<h2 class=\"wp-block-heading\">\u21d2\u00a0\u00a0<em>Ingl\u00e9s:<\/em>\u00a0<a href=\"https:\/\/docs.google.com\/spreadsheets\/d\/1NFdtabpN9McdPC_CB-okk0IpzMFBO2hM\/edit?usp=sharing&amp;ouid=103772712567135623920&amp;rtpof=true&amp;sd=true\">AQU\u00cd<\/a><\/h2>\n\n\n\n<h2 class=\"wp-block-heading\">\u21d2&nbsp;&nbsp;<em>Inicial:<\/em><a href=\"https:\/\/docs.google.com\/spreadsheets\/d\/1YB3mW7xwhJL2zz_bUbCeZVPfkM_cddDE2jZeHYO1tNU\/edit?usp=sharing\">&nbsp;AQU\u00cd<\/a><\/h2>\n\n\n\n<h2 class=\"wp-block-heading\">\u21d2\u00a0\u00a0<em>Primaria :<\/em>\u00a0<a href=\"https:\/\/docs.google.com\/spreadsheets\/d\/1pc4D34NxYvxG_uJf6XS3gscTGeZbNQm6\/edit?usp=sharing&amp;ouid=108250101407894112822&amp;rtpof=true&amp;sd=true\" data-type=\"URL\" data-id=\"https:\/\/docs.google.com\/spreadsheets\/d\/1pc4D34NxYvxG_uJf6XS3gscTGeZbNQm6\/edit?usp=sharing&amp;ouid=108250101407894112822&amp;rtpof=true&amp;sd=true\">AQU\u00cd<\/a><\/h2>\n\n\n\n<h2 class=\"wp-block-heading\">\u21d2\u00a0\u00a0<em>Ciencias Naturales: F\u00edsica, Qu\u00edmica y Biolog\u00eda:<\/em>\u00a0<a href=\"https:\/\/docs.google.com\/spreadsheets\/d\/1KQeOa5AMhGhB3Vxh_yaTxdTLrY1BTQSqlXQ_Uk_ERF4\/edit?usp=sharing\">AQU\u00cd<\/a><\/h2>\n\n\n\n<ul>\n<li><em><strong>TODOS LOS ESTUDIANTES DEBEN PRESENTARSE A LOS EXAMENES CON DOCUMENTO Y LIBRETA<\/strong><\/em><\/li>\n<\/ul>\n","protected":false},"excerpt":{"rendered":"<p>LOS ESTUDIANTES REGULARES DE TODAS LAS CARRERAS: La inscripci\u00f3n comienza el d\u00eda lunes 18\/02\/2026\u00a0podr\u00e1n inscribirse por el sistema SADIS hasta 48 hs. h\u00e1biles anteriores al d\u00eda del examen. \u21d2\u00a0\u00a0Matem\u00e1tica:\u00a0AQU\u00cd\u00a0\u00a0\u00a0 \u00a0 \u00a0 \u00a0 \u21d2\u00a0\u00a0Sistemas:\u00a0AQU\u00cd \u21d2\u00a0\u00a0Ingl\u00e9s:\u00a0AQU\u00cd \u21d2&nbsp;&nbsp;Inicial:&nbsp;AQU\u00cd \u21d2\u00a0\u00a0Primaria :\u00a0AQU\u00cd \u21d2\u00a0\u00a0Ciencias Naturales: F\u00edsica, Qu\u00edmica y Biolog\u00eda:\u00a0AQU\u00cd<\/p>\n","protected":false},"author":6009,"featured_media":0,"parent":0,"menu_order":0,"comment_status":"closed","ping_status":"closed","template":"","meta":[],"acf":[],"_links":{"self":[{"href":"https:\/\/isfdyt24-bue.infd.edu.ar\/sitio\/wp-json\/wp\/v2\/pages\/4916"}],"collection":[{"href":"https:\/\/isfdyt24-bue.infd.edu.ar\/sitio\/wp-json\/wp\/v2\/pages"}],"about":[{"href":"https:\/\/isfdyt24-bue.infd.edu.ar\/sitio\/wp-json\/wp\/v2\/types\/page"}],"author":[{"embeddable":true,"href":"https:\/\/isfdyt24-bue.infd.edu.ar\/sitio\/wp-json\/wp\/v2\/users\/6009"}],"replies":[{"embeddable":true,"href":"https:\/\/isfdyt24-bue.infd.edu.ar\/sitio\/wp-json\/wp\/v2\/comments?post=4916"}],"version-history":[{"count":22,"href":"https:\/\/isfdyt24-bue.infd.edu.ar\/sitio\/wp-json\/wp\/v2\/pages\/4916\/revisions"}],"predecessor-version":[{"id":5610,"href":"https:\/\/isfdyt24-bue.infd.edu.ar\/sitio\/wp-json\/wp\/v2\/pages\/4916\/revisions\/5610"}],"wp:attachment":[{"href":"https:\/\/isfdyt24-bue.infd.edu.ar\/sitio\/wp-json\/wp\/v2\/media?parent=4916"}],"curies":[{"name":"wp","href":"https:\/\/api.w.org\/{rel}","templated":true}]}}