{"id":5165,"date":"2025-04-14T19:06:22","date_gmt":"2025-04-14T22:06:22","guid":{"rendered":"https:\/\/isfdyt24-bue.infd.edu.ar\/sitio\/?page_id=5165"},"modified":"2026-04-27T21:07:23","modified_gmt":"2026-04-28T00:07:23","slug":"mesas-de-mayo-2025","status":"publish","type":"page","link":"https:\/\/isfdyt24-bue.infd.edu.ar\/sitio\/mesas-de-mayo-2025\/","title":{"rendered":"MESAS DE MAYO 2026"},"content":{"rendered":"\n<h1 class=\"wp-block-heading\">Calendarizaci\u00f3n:<\/h1>\n\n\n\n<div class=\"wp-block-cover has-medium-font-size\" style=\"min-height:188px\"><span aria-hidden=\"true\" class=\"wp-block-cover__background has-base-background-color has-background-dim-100 has-background-dim\"><\/span><div class=\"wp-block-cover__inner-container\">\n<p class=\"has-contrast-color has-text-color\"><strong>Inscripci\u00f3n a Materias:<\/strong> 27 al 30 de abril de 2026.<\/p>\n\n\n\n<p class=\"has-contrast-color has-text-color\"><strong>Publicaci\u00f3n de las mesas:<\/strong> a partir del 7 de abril de 2026. (Ver mesas por carreras al finalizar esta p\u00e1gina)<\/p>\n\n\n\n<p class=\"has-contrast-color has-text-color\"><strong>Mesas de Evaluaci\u00f3n:<\/strong> del 11 al 15 de mayo de 2026.<\/p>\n<\/div><\/div>\n\n\n\n<div class=\"wp-block-cover\" style=\"min-height:278px\"><span aria-hidden=\"true\" class=\"wp-block-cover__background has-base-background-color has-background-dim-100 has-background-dim\"><\/span><div class=\"wp-block-cover__inner-container\">\n<p class=\"has-text-align-left has-contrast-color has-text-color has-medium-font-size\"><strong>Estudiantes que pueden rendir finales:<\/strong><\/p>\n\n\n\n<p class=\"has-text-align-left has-contrast-color has-text-color has-medium-font-size\">> Estudiantes del plan \u201cviejo\u201d del Profesorado de Ciencias Naturales, que adeuden finales de 2\u00b0 a 4\u00b0 a\u00f1o, sin l\u00edmite de materias. En el caso de los y las estudiantes que adeuden finales de segundo a\u00f1o esta ser\u00e1 la \u00faltima instancia.<\/p>\n\n\n\n<p class=\"has-text-align-left has-contrast-color has-text-color has-medium-font-size\">>Estudiantes de cualquiera de los planes de estudio vigentes y que deban acreditar una \u00faltima materia para graduarse.<\/p>\n\n\n\n<p class=\"has-contrast-color has-text-color has-medium-font-size\">>Para inscribirse deberan llenar el formulario que se encuentra para descargar en esta p\u00e1gina o se puede pedir en la fotocopiadora del Instituto.<\/p>\n<\/div><\/div>\n\n\n\n<div class=\"wp-block-file\"><a id=\"wp-block-file--media-718361bd-c529-4c0a-a953-024d41cbf42d\" href=\"https:\/\/isfdyt24-bue.infd.edu.ar\/sitio\/wp-content\/uploads\/2026\/04\/MESAS-MAYO-2026-FORMULARIO.doc\">FORMULARIO INSCRIPCI\u00d3N A MATERIA<\/a><a href=\"https:\/\/isfdyt24-bue.infd.edu.ar\/sitio\/wp-content\/uploads\/2026\/04\/MESAS-MAYO-2026-FORMULARIO.doc\" class=\"wp-block-file__button wp-element-button\" download aria-describedby=\"wp-block-file--media-718361bd-c529-4c0a-a953-024d41cbf42d\">Descarga<\/a><\/div>\n\n\n\n<p><\/p>\n\n\n\n<p class=\"has-text-align-center has-large-font-size\"><strong>Mesas de mayo 2026 ver aqu\u00ed<\/strong><\/p>\n\n\n\n<figure class=\"wp-block-table\"><table><tbody><tr><td class=\"has-text-align-center\" data-align=\"center\">MATEM\u00c1TICA<\/td><td class=\"has-text-align-center\" data-align=\"center\">INGLES<\/td><td class=\"has-text-align-center\" data-align=\"center\">CS. NATURALES<\/td><\/tr><tr><td class=\"has-text-align-center\" data-align=\"center\">PRIMARIA<\/td><td class=\"has-text-align-center\" data-align=\"center\">INICIAL<\/td><td class=\"has-text-align-center\" data-align=\"center\">MATEM\u00c1TICA<\/td><\/tr><\/tbody><\/table><\/figure>\n","protected":false},"excerpt":{"rendered":"<p>Calendarizaci\u00f3n: Mesas de mayo 2026 ver aqu\u00ed MATEM\u00c1TICA INGLES CS. NATURALES PRIMARIA INICIAL MATEM\u00c1TICA<\/p>\n","protected":false},"author":6009,"featured_media":0,"parent":0,"menu_order":0,"comment_status":"closed","ping_status":"closed","template":"","meta":[],"acf":[],"_links":{"self":[{"href":"https:\/\/isfdyt24-bue.infd.edu.ar\/sitio\/wp-json\/wp\/v2\/pages\/5165"}],"collection":[{"href":"https:\/\/isfdyt24-bue.infd.edu.ar\/sitio\/wp-json\/wp\/v2\/pages"}],"about":[{"href":"https:\/\/isfdyt24-bue.infd.edu.ar\/sitio\/wp-json\/wp\/v2\/types\/page"}],"author":[{"embeddable":true,"href":"https:\/\/isfdyt24-bue.infd.edu.ar\/sitio\/wp-json\/wp\/v2\/users\/6009"}],"replies":[{"embeddable":true,"href":"https:\/\/isfdyt24-bue.infd.edu.ar\/sitio\/wp-json\/wp\/v2\/comments?post=5165"}],"version-history":[{"count":10,"href":"https:\/\/isfdyt24-bue.infd.edu.ar\/sitio\/wp-json\/wp\/v2\/pages\/5165\/revisions"}],"predecessor-version":[{"id":5804,"href":"https:\/\/isfdyt24-bue.infd.edu.ar\/sitio\/wp-json\/wp\/v2\/pages\/5165\/revisions\/5804"}],"wp:attachment":[{"href":"https:\/\/isfdyt24-bue.infd.edu.ar\/sitio\/wp-json\/wp\/v2\/media?parent=5165"}],"curies":[{"name":"wp","href":"https:\/\/api.w.org\/{rel}","templated":true}]}}