{"id":5649,"date":"2026-03-14T16:48:13","date_gmt":"2026-03-14T19:48:13","guid":{"rendered":"https:\/\/isfdyt24-bue.infd.edu.ar\/sitio\/?page_id=5649"},"modified":"2026-03-15T00:16:12","modified_gmt":"2026-03-15T03:16:12","slug":"plan-resolucion-5882-25-plan-nuevo-1-ano","status":"publish","type":"page","link":"https:\/\/isfdyt24-bue.infd.edu.ar\/sitio\/plan-resolucion-5882-25-plan-nuevo-1-ano\/","title":{"rendered":"PLAN RESOLUCI\u00d3N 5882\/25 (Plan Nuevo 1\u00b0 a\u00f1o)"},"content":{"rendered":"<h1>Click para ver:<\/h1>\n<ul>\n<li>\n<h3><a href=\"https:\/\/isfdyt24-bue.infd.edu.ar\/sitio\/wp-content\/uploads\/2026\/03\/RFC-5882-25-NUEVOS-DISENOS-CURRICULARES-2026-1.pdf\">NUEVOS DISE\u00d1OS CURRICULARES 2025<\/a><\/h3>\n<\/li>\n<li>\n<h3>ESTRUCTURA CURRICULAR:<\/h3>\n<ul>\n<li>\n<h3><a href=\"https:\/\/drive.google.com\/file\/d\/1dNJZBwtWHzupjBul6nraVPYsfKgw9yH-\/view?usp=sharing\">1\u00b0 A\u00d1O<\/a><\/h3>\n<\/li>\n<li>\n<h3><a href=\"https:\/\/drive.google.com\/file\/d\/13XpqlInVN3B1QQRmfA2WH7OMz9ElWj3t\/view?usp=sharing\">2\u00b0 A\u00d1O<\/a><\/h3>\n<\/li>\n<li>\n<h3><a href=\"https:\/\/drive.google.com\/file\/d\/1QZb3G5Sbqrtaudc2g_aef7XAMpb3Pf0P\/view?usp=sharing\">3\u00b0 A\u00d1O<\/a><\/h3>\n<\/li>\n<li>\n<h3><a href=\"https:\/\/drive.google.com\/file\/d\/1QhVdbD286fmDP6zu106dsVVS618Dn_4U\/view?usp=sharing\">4\u00b0 A\u00d1O<\/a><\/h3>\n<\/li>\n<\/ul>\n<\/li>\n<li>\n<h3><a href=\"https:\/\/docs.google.com\/spreadsheets\/d\/1WeQzQ8OMw3e5WRtNxQw8MVUiiYR49LjcAR761LfWJFs\/edit?usp=sharing\">CORRELATIVIDADES<\/a><\/h3>\n<\/li>\n<\/ul>\n<h2 style=\"text-align: center;\"><a href=\"https:\/\/docs.google.com\/presentation\/d\/1TyZsnoPM1VDsYQ0l1tvQHcUVg7BwhNe5\/edit?usp=sharing&amp;ouid=116542432893420303386&amp;rtpof=true&amp;sd=true\">PRESENTACI\u00d3N CHARLA INGRESANTES SOBRE REGIMEN ACADEMICO Y NUEVO DISE\u00d1O<\/a><\/h2>\n","protected":false},"excerpt":{"rendered":"<p>Click para ver: NUEVOS DISE\u00d1OS CURRICULARES 2025 ESTRUCTURA CURRICULAR: 1\u00b0 A\u00d1O 2\u00b0 A\u00d1O 3\u00b0 A\u00d1O 4\u00b0 A\u00d1O CORRELATIVIDADES PRESENTACI\u00d3N CHARLA INGRESANTES SOBRE REGIMEN ACADEMICO Y NUEVO DISE\u00d1O<\/p>\n","protected":false},"author":6009,"featured_media":0,"parent":0,"menu_order":0,"comment_status":"closed","ping_status":"closed","template":"","meta":[],"acf":[],"_links":{"self":[{"href":"https:\/\/isfdyt24-bue.infd.edu.ar\/sitio\/wp-json\/wp\/v2\/pages\/5649"}],"collection":[{"href":"https:\/\/isfdyt24-bue.infd.edu.ar\/sitio\/wp-json\/wp\/v2\/pages"}],"about":[{"href":"https:\/\/isfdyt24-bue.infd.edu.ar\/sitio\/wp-json\/wp\/v2\/types\/page"}],"author":[{"embeddable":true,"href":"https:\/\/isfdyt24-bue.infd.edu.ar\/sitio\/wp-json\/wp\/v2\/users\/6009"}],"replies":[{"embeddable":true,"href":"https:\/\/isfdyt24-bue.infd.edu.ar\/sitio\/wp-json\/wp\/v2\/comments?post=5649"}],"version-history":[{"count":3,"href":"https:\/\/isfdyt24-bue.infd.edu.ar\/sitio\/wp-json\/wp\/v2\/pages\/5649\/revisions"}],"predecessor-version":[{"id":5666,"href":"https:\/\/isfdyt24-bue.infd.edu.ar\/sitio\/wp-json\/wp\/v2\/pages\/5649\/revisions\/5666"}],"wp:attachment":[{"href":"https:\/\/isfdyt24-bue.infd.edu.ar\/sitio\/wp-json\/wp\/v2\/media?parent=5649"}],"curies":[{"name":"wp","href":"https:\/\/api.w.org\/{rel}","templated":true}]}}