{"id":846,"date":"2018-07-02T20:08:30","date_gmt":"2018-07-02T23:08:30","guid":{"rendered":"https:\/\/isfdyt24-bue.infd.edu.ar\/sitio\/profesorado-en-biologia-con-trayecto-en-ciencias-naturales\/"},"modified":"2025-12-22T20:13:48","modified_gmt":"2025-12-22T23:13:48","slug":"profesorado-en-biologia-con-trayecto-en-ciencias-naturales","status":"publish","type":"page","link":"https:\/\/isfdyt24-bue.infd.edu.ar\/sitio\/profesorado-en-biologia-con-trayecto-en-ciencias-naturales\/","title":{"rendered":"Profesorado de Educaci\u00f3n Secundaria en Biolog\u00eda."},"content":{"rendered":"\n<div class=\"wp-block-file\"><a id=\"wp-block-file--media-8ffaa927-83bb-4b34-b6e6-bd09190607d1\" href=\"https:\/\/isfdyt24-bue.infd.edu.ar\/sitio\/wp-content\/uploads\/2021\/11\/13259-99modif-por-3581-00-Disno-Curricular-Biologia.pdf\">RESOL 13259\/99 Y MODIF POR 3581\/00 DISE\u00d1O CURRICULAR BIOLOG\u00cdA (Plan Viejo)<\/a><a href=\"https:\/\/isfdyt24-bue.infd.edu.ar\/sitio\/wp-content\/uploads\/2021\/11\/13259-99modif-por-3581-00-Disno-Curricular-Biologia.pdf\" class=\"wp-block-file__button wp-element-button\" download aria-describedby=\"wp-block-file--media-8ffaa927-83bb-4b34-b6e6-bd09190607d1\">Descarga<\/a><\/div>\n\n\n\n<div class=\"wp-block-file\"><object class=\"wp-block-file__embed\" data=\"https:\/\/isfdyt24-bue.infd.edu.ar\/sitio\/wp-content\/uploads\/2023\/03\/DC-Biologia.pdf\" type=\"application\/pdf\" style=\"width:100%;height:880px\" aria-label=\"Incrustado de DISE\u00d1OS CURRICULARES DEL PROFESORADO DE EDUCACI\u00d3N SECUNDARIA EN BIOLOG\u00cdA.\"><\/object><a id=\"wp-block-file--media-50fa8866-2b5a-480e-ac5a-6bfcfee03069\" href=\"https:\/\/isfdyt24-bue.infd.edu.ar\/sitio\/wp-content\/uploads\/2023\/03\/DC-Biologia.pdf\">DISE\u00d1OS CURRICULARES DEL PROFESORADO DE EDUCACI\u00d3N SECUNDARIA EN BIOLOG\u00cdA<\/a><a href=\"https:\/\/isfdyt24-bue.infd.edu.ar\/sitio\/wp-content\/uploads\/2023\/03\/DC-Biologia.pdf\" class=\"wp-block-file__button wp-element-button\" download aria-describedby=\"wp-block-file--media-50fa8866-2b5a-480e-ac5a-6bfcfee03069\">Descarga<\/a><\/div>\n","protected":false},"excerpt":{"rendered":"","protected":false},"author":146,"featured_media":0,"parent":0,"menu_order":0,"comment_status":"closed","ping_status":"closed","template":"","meta":[],"acf":[],"_links":{"self":[{"href":"https:\/\/isfdyt24-bue.infd.edu.ar\/sitio\/wp-json\/wp\/v2\/pages\/846"}],"collection":[{"href":"https:\/\/isfdyt24-bue.infd.edu.ar\/sitio\/wp-json\/wp\/v2\/pages"}],"about":[{"href":"https:\/\/isfdyt24-bue.infd.edu.ar\/sitio\/wp-json\/wp\/v2\/types\/page"}],"author":[{"embeddable":true,"href":"https:\/\/isfdyt24-bue.infd.edu.ar\/sitio\/wp-json\/wp\/v2\/users\/146"}],"replies":[{"embeddable":true,"href":"https:\/\/isfdyt24-bue.infd.edu.ar\/sitio\/wp-json\/wp\/v2\/comments?post=846"}],"version-history":[{"count":4,"href":"https:\/\/isfdyt24-bue.infd.edu.ar\/sitio\/wp-json\/wp\/v2\/pages\/846\/revisions"}],"predecessor-version":[{"id":5583,"href":"https:\/\/isfdyt24-bue.infd.edu.ar\/sitio\/wp-json\/wp\/v2\/pages\/846\/revisions\/5583"}],"wp:attachment":[{"href":"https:\/\/isfdyt24-bue.infd.edu.ar\/sitio\/wp-json\/wp\/v2\/media?parent=846"}],"curies":[{"name":"wp","href":"https:\/\/api.w.org\/{rel}","templated":true}]}}