{"id":853,"date":"2018-07-02T20:08:33","date_gmt":"2018-07-02T23:08:33","guid":{"rendered":"https:\/\/isfdyt24-bue.infd.edu.ar\/sitio\/profesorado-en-quimica-con-trayecto-en-ciencias-naturales\/"},"modified":"2025-12-22T20:17:18","modified_gmt":"2025-12-22T23:17:18","slug":"profesorado-en-quimica-con-trayecto-en-ciencias-naturales","status":"publish","type":"page","link":"https:\/\/isfdyt24-bue.infd.edu.ar\/sitio\/profesorado-en-quimica-con-trayecto-en-ciencias-naturales\/","title":{"rendered":"Profesorado  de Educaci\u00f3n Secundaria en Qu\u00edmica."},"content":{"rendered":"\n<div class=\"wp-block-file\"><a id=\"wp-block-file--media-8a4dc3c3-14be-4fb4-affe-6e7e64230b35\" href=\"https:\/\/isfdyt24-bue.infd.edu.ar\/sitio\/wp-content\/uploads\/2021\/11\/13259-99-modif-por-3581-00-Diseno-Curricular-Quimica.pdf\">RESOL 13259\/99 Y MODIF POR 3581\/00 DISE\u00d1O CURRICULAR QU\u00cdMICA (Plan Viejo)<\/a><a href=\"https:\/\/isfdyt24-bue.infd.edu.ar\/sitio\/wp-content\/uploads\/2021\/11\/13259-99-modif-por-3581-00-Diseno-Curricular-Quimica.pdf\" class=\"wp-block-file__button wp-element-button\" download aria-describedby=\"wp-block-file--media-8a4dc3c3-14be-4fb4-affe-6e7e64230b35\">Descarga<\/a><\/div>\n\n\n\n<div class=\"wp-block-file\"><object class=\"wp-block-file__embed\" data=\"https:\/\/isfdyt24-bue.infd.edu.ar\/sitio\/wp-content\/uploads\/2023\/03\/DC-Quimica.pdf\" type=\"application\/pdf\" style=\"width:100%;height:800px\" aria-label=\"Incrustado de DISE\u00d1OS CURRICULARES PROFESORADO DE EDUCACI\u00d3N SECUNDARIA EN QU\u00cdMICA.\"><\/object><a id=\"wp-block-file--media-f20607e8-893c-4d76-a2f0-d30ccde826b5\" href=\"https:\/\/isfdyt24-bue.infd.edu.ar\/sitio\/wp-content\/uploads\/2023\/03\/DC-Quimica.pdf\">DISE\u00d1OS CURRICULARES PROFESORADO DE EDUCACI\u00d3N SECUNDARIA EN QU\u00cdMICA<\/a><a href=\"https:\/\/isfdyt24-bue.infd.edu.ar\/sitio\/wp-content\/uploads\/2023\/03\/DC-Quimica.pdf\" class=\"wp-block-file__button wp-element-button\" download aria-describedby=\"wp-block-file--media-f20607e8-893c-4d76-a2f0-d30ccde826b5\">Descarga<\/a><\/div>\n","protected":false},"excerpt":{"rendered":"","protected":false},"author":146,"featured_media":0,"parent":0,"menu_order":0,"comment_status":"closed","ping_status":"closed","template":"","meta":[],"acf":[],"_links":{"self":[{"href":"https:\/\/isfdyt24-bue.infd.edu.ar\/sitio\/wp-json\/wp\/v2\/pages\/853"}],"collection":[{"href":"https:\/\/isfdyt24-bue.infd.edu.ar\/sitio\/wp-json\/wp\/v2\/pages"}],"about":[{"href":"https:\/\/isfdyt24-bue.infd.edu.ar\/sitio\/wp-json\/wp\/v2\/types\/page"}],"author":[{"embeddable":true,"href":"https:\/\/isfdyt24-bue.infd.edu.ar\/sitio\/wp-json\/wp\/v2\/users\/146"}],"replies":[{"embeddable":true,"href":"https:\/\/isfdyt24-bue.infd.edu.ar\/sitio\/wp-json\/wp\/v2\/comments?post=853"}],"version-history":[{"count":9,"href":"https:\/\/isfdyt24-bue.infd.edu.ar\/sitio\/wp-json\/wp\/v2\/pages\/853\/revisions"}],"predecessor-version":[{"id":5589,"href":"https:\/\/isfdyt24-bue.infd.edu.ar\/sitio\/wp-json\/wp\/v2\/pages\/853\/revisions\/5589"}],"wp:attachment":[{"href":"https:\/\/isfdyt24-bue.infd.edu.ar\/sitio\/wp-json\/wp\/v2\/media?parent=853"}],"curies":[{"name":"wp","href":"https:\/\/api.w.org\/{rel}","templated":true}]}}