{"id":889,"date":"2018-07-02T20:08:49","date_gmt":"2018-07-02T23:08:49","guid":{"rendered":"https:\/\/isfdyt24-bue.infd.edu.ar\/sitio\/datos-institucionales\/"},"modified":"2025-04-30T21:10:52","modified_gmt":"2025-05-01T00:10:52","slug":"datos-institucionales","status":"publish","type":"page","link":"https:\/\/isfdyt24-bue.infd.edu.ar\/sitio\/datos-institucionales\/","title":{"rendered":"Datos institucionales"},"content":{"rendered":"<blockquote>\n<p style=\"text-align: center;\"><span style=\"font-family: verdana; font-size: 14pt; color: #990000;\"><strong><em><span style=\"text-decoration: underline;\">INTITUTO SUPERIOR DE FORMACI\u00d3N DOCENTE <\/span><\/em><\/strong><\/span><\/p>\n<p style=\"text-align: center;\"><span style=\"font-family: verdana; font-size: 14pt; color: #990000;\"><strong><em><span style=\"text-decoration: underline;\">Y T\u00c9CNICA N\u00ba 24<\/span><\/em><\/strong><\/span><\/p>\n<p style=\"text-align: center;\"><span style=\"font-family: verdana; font-size: 14pt; color: #990000;\"><strong><em><span style=\"text-decoration: underline;\">\u00abBernardo A. Houssay\u00bb<\/span><\/em><\/strong><\/span><\/p>\n<p style=\"text-align: center;\"><span style=\"color: #009900; font-family: verdana; font-size: 14pt;\"><strong><em><span style=\"text-decoration: underline;\">\u00a0<\/span><\/em><\/strong><\/span><\/p>\n<ul>\n<li><span style=\"font-family: arial,helvetica,sans-serif; font-size: 14pt;\"><strong>Direcci\u00f3n: <\/strong>Cramer 471 e\/Saenz Pe\u00f1a y Espora &#8211; Bernal &#8211; Bs. As. <\/span><\/li>\n<li><span style=\"font-family: arial,helvetica,sans-serif; font-size: 14pt;\"><strong>Horarios de atenci\u00f3n:<\/strong> Lunes a Viernes de 8 a 12 hs, 13 a 17 hs y de 18 a 22 hs.<\/span><\/li>\n<li><span style=\"font-family: arial,helvetica,sans-serif; font-size: 14pt;\"><strong>Tel\u00e9fono:<\/strong>\u00a043880864<br \/>\n<\/span><\/li>\n<li><span style=\"font-family: arial,helvetica,sans-serif; font-size: 14pt;\"><strong>E-mail institucional:<\/strong> isfdyt24quilmes@abc.gob.ar<\/span><\/li>\n<li><span style=\"font-family: arial,helvetica,sans-serif; font-size: 14pt;\"><strong>Web:<\/strong> www.isfdyt24.bue.infd.edu.ar<\/span><\/li>\n<li><span style=\"font-family: arial,helvetica,sans-serif; font-size: 14pt;\"><strong>Facebook Oficial<\/strong>: <a href=\"https:\/\/www.facebook.com\/profile.php?id=100009375969348\">AQU\u00cd.<\/a>\u00a0<\/span><\/li>\n<li><span style=\"font-family: arial,helvetica,sans-serif; font-size: 14pt;\"><strong>Grupo oficial en Facebook:\u00a0<\/strong><\/span><span style=\"font-family: arial,helvetica,sans-serif; font-size: 14pt;\"><a href=\"https:\/\/www.facebook.com\/groups\/806336312774736\/\">Of.ISFDyTN\u00ba24 de Bernal \u00abGrupo Oficial<\/a>\u00ab<\/span><\/li>\n<li><em><strong>Como llegar: <\/strong><\/em><a style=\"font-size: inherit;\" href=\"https:\/\/goo.gl\/maps\/dWRD3HiDdhpetv1q7\">https:\/\/goo.gl\/maps\/dWRD3HiDdhpetv1q7<\/a><\/li>\n<\/ul>\n<p><span style=\"font-family: arial, helvetica, sans-serif; font-size: 10pt;\">\u00a0<\/span><\/p><\/blockquote>\n","protected":false},"excerpt":{"rendered":"<p>INTITUTO SUPERIOR DE FORMACI\u00d3N DOCENTE Y T\u00c9CNICA N\u00ba 24 \u00abBernardo A. Houssay\u00bb \u00a0 Direcci\u00f3n: Cramer 471 e\/Saenz Pe\u00f1a y Espora &#8211; Bernal &#8211; Bs. As. Horarios de atenci\u00f3n: Lunes a Viernes de 8 a 12 hs, 13 a 17 hs y de 18 a 22 hs. Tel\u00e9fono:\u00a043880864 E-mail institucional: isfdyt24quilmes@abc.gob.ar Web: www.isfdyt24.bue.infd.edu.ar Facebook Oficial: AQU\u00cd.\u00a0 &#8230; <a title=\"Datos institucionales\" class=\"read-more\" href=\"https:\/\/isfdyt24-bue.infd.edu.ar\/sitio\/datos-institucionales\/\" aria-label=\"More on Datos institucionales\">[+]<\/a><\/p>\n","protected":false},"author":146,"featured_media":0,"parent":0,"menu_order":0,"comment_status":"closed","ping_status":"closed","template":"","meta":[],"acf":[],"_links":{"self":[{"href":"https:\/\/isfdyt24-bue.infd.edu.ar\/sitio\/wp-json\/wp\/v2\/pages\/889"}],"collection":[{"href":"https:\/\/isfdyt24-bue.infd.edu.ar\/sitio\/wp-json\/wp\/v2\/pages"}],"about":[{"href":"https:\/\/isfdyt24-bue.infd.edu.ar\/sitio\/wp-json\/wp\/v2\/types\/page"}],"author":[{"embeddable":true,"href":"https:\/\/isfdyt24-bue.infd.edu.ar\/sitio\/wp-json\/wp\/v2\/users\/146"}],"replies":[{"embeddable":true,"href":"https:\/\/isfdyt24-bue.infd.edu.ar\/sitio\/wp-json\/wp\/v2\/comments?post=889"}],"version-history":[{"count":2,"href":"https:\/\/isfdyt24-bue.infd.edu.ar\/sitio\/wp-json\/wp\/v2\/pages\/889\/revisions"}],"predecessor-version":[{"id":5216,"href":"https:\/\/isfdyt24-bue.infd.edu.ar\/sitio\/wp-json\/wp\/v2\/pages\/889\/revisions\/5216"}],"wp:attachment":[{"href":"https:\/\/isfdyt24-bue.infd.edu.ar\/sitio\/wp-json\/wp\/v2\/media?parent=889"}],"curies":[{"name":"wp","href":"https:\/\/api.w.org\/{rel}","templated":true}]}}