{"id":895,"date":"2018-07-02T20:08:52","date_gmt":"2018-07-02T23:08:52","guid":{"rendered":"https:\/\/isfdyt24-bue.infd.edu.ar\/sitio\/autoridades\/"},"modified":"2025-04-30T21:03:25","modified_gmt":"2025-05-01T00:03:25","slug":"autoridades","status":"publish","type":"page","link":"https:\/\/isfdyt24-bue.infd.edu.ar\/sitio\/autoridades\/","title":{"rendered":"Autoridades"},"content":{"rendered":"<p><span style=\"color: #800000;\"><em><strong><span style=\"font-family: verdana,geneva; font-size: 12pt;\">Director: <\/span><\/strong><\/em><\/span><\/p>\n<p><span style=\"color: #000080;\"><em><strong><span style=\"font-family: verdana, geneva; font-size: 12pt;\">Prof. Walter Muscolo<\/span><\/strong><\/em><\/span><\/p>\n<p><span style=\"color: #800000;\"><em><strong><span style=\"font-family: verdana,geneva; font-size: 12pt;\">Regentes:<\/span><\/strong><\/em><\/span><\/p>\n<p><span style=\"color: #000080;\"><em><strong><span style=\"font-family: verdana,geneva; font-size: 12pt;\">Prof. Ana Mar\u00eda Lagarde (en uso de licencia)<\/span><\/strong><\/em><\/span><\/p>\n<p><span style=\"color: #000080;\"><em><strong><span style=\"font-family: verdana, geneva; font-size: 12pt;\">Prof. Sandra Luna<\/span><\/strong><\/em><\/span><\/p>\n<p><span style=\"color: #000080;\"><em><strong><span style=\"font-family: verdana, geneva; font-size: 12pt;\">Prof. Javier Drago<\/span><\/strong><\/em><\/span><\/p>\n<p><span style=\"color: #000080;\"><em><strong><span style=\"font-family: verdana, geneva; font-size: 12pt;\">Prof. Pablo Benitez<\/span><\/strong><\/em><\/span><\/p>\n<p><span style=\"color: #000080;\"><em><strong><span style=\"font-family: verdana, geneva; font-size: 12pt;\">Prof. Andrea Lucarelli<\/span><\/strong><\/em><\/span><\/p>\n<p><span style=\"color: #000080;\"><em><strong><span style=\"font-family: verdana, geneva; font-size: 12pt;\">Prof. Susana Espinosa<\/span><\/strong><\/em><\/span><\/p>\n<p><span style=\"color: #000080;\"><em><strong><span style=\"font-family: verdana, geneva; font-size: 12pt;\">Prof. Paula Benitez<\/span><\/strong><\/em><\/span><\/p>\n<p><span style=\"color: #800000;\"><em><strong><span style=\"font-family: verdana,geneva; font-size: 12pt;\">Jefes de \u00c1reas:<\/span><\/strong><\/em><\/span><\/p>\n<p><span style=\"color: #000080;\"><em><strong><span style=\"font-size: 12pt; font-family: verdana, geneva;\" data-mce-mark=\"1\">Prof. Mar\u00eda Eugenia Giussani (Prof. de Ingl\u00e9s)<\/span><\/strong><\/em><\/span><\/p>\n<p><span style=\"color: #000080;\"><em><strong><span style=\"font-size: 12pt; font-family: verdana, geneva;\" data-mce-mark=\"1\">Prof. Gabriel Romero (Prof. de Matem\u00e1tica)<\/span><\/strong><\/em><\/span><\/p>\n<p><span style=\"color: #000080;\"><em><span style=\"font-size: 12pt; font-family: verdana, geneva;\" data-mce-mark=\"1\"><span style=\"color: #000080; font-family: verdana, geneva;\"><span style=\"font-size: 12pt;\"><b>Prof. Cecilia Mauri (Tecnicatura en <\/b><\/span><\/span><span style=\"color: #000080; font-family: verdana, geneva;\"><span style=\"font-size: 16px;\"><b>An\u00e1lisis<\/b><\/span><\/span><span style=\"color: #000080; font-family: verdana, geneva;\"><span style=\"font-size: 12pt;\"><b>\u00a0de Sistemas)<\/b><\/span><\/span><\/span><\/em><\/span><\/p>\n<p><span style=\"color: #000080;\"><em><span style=\"font-size: 12pt; font-family: verdana, geneva;\" data-mce-mark=\"1\"><span style=\"color: #000080; font-family: verdana, geneva;\"><span style=\"font-size: 12pt;\"><b>Prof. carina Mendelevich <\/b><\/span><\/span><span style=\"color: #000080; font-family: verdana, geneva;\"><span style=\"font-size: 12pt;\"><b>\u00a0(Prof. de Educaci\u00f3n Primaria)<\/b><\/span><\/span><\/span><\/em><\/span><\/p>\n<p><span style=\"color: #800000;\"><em><strong><span style=\"font-size: 12pt; font-family: verdana, geneva;\">\u00a0<\/span><span style=\"font-size: 12pt; font-family: verdana,geneva;\">Administraci\u00f3n:<\/span><\/strong><\/em><\/span><\/p>\n<p><span style=\"color: #000080;\"><em><strong><span style=\"font-size: 12pt; font-family: verdana, geneva;\">Claudia Orsi (Secretaria)<\/span><\/strong><\/em><\/span><\/p>\n<p><span style=\"color: #000080;\"><em><strong><span style=\"font-family: verdana, geneva; font-size: 12pt;\">Miriam Esperon (Pro secretar\u00eda)<\/span><\/strong><\/em><\/span><\/p>\n<p><span style=\"font-size: 12pt; color: #000000; font-family: verdana,geneva;\">\u00a0<\/span><\/p>\n","protected":false},"excerpt":{"rendered":"<p>Director: Prof. Walter Muscolo Regentes: Prof. Ana Mar\u00eda Lagarde (en uso de licencia) Prof. Sandra Luna Prof. Javier Drago Prof. Pablo Benitez Prof. Andrea Lucarelli Prof. Susana Espinosa Prof. Paula Benitez Jefes de \u00c1reas: Prof. Mar\u00eda Eugenia Giussani (Prof. de Ingl\u00e9s) Prof. Gabriel Romero (Prof. de Matem\u00e1tica) Prof. Cecilia Mauri (Tecnicatura en An\u00e1lisis\u00a0de Sistemas) Prof. &#8230; <a title=\"Autoridades\" class=\"read-more\" href=\"https:\/\/isfdyt24-bue.infd.edu.ar\/sitio\/autoridades\/\" aria-label=\"More on Autoridades\">[+]<\/a><\/p>\n","protected":false},"author":146,"featured_media":0,"parent":0,"menu_order":0,"comment_status":"closed","ping_status":"closed","template":"","meta":[],"acf":[],"_links":{"self":[{"href":"https:\/\/isfdyt24-bue.infd.edu.ar\/sitio\/wp-json\/wp\/v2\/pages\/895"}],"collection":[{"href":"https:\/\/isfdyt24-bue.infd.edu.ar\/sitio\/wp-json\/wp\/v2\/pages"}],"about":[{"href":"https:\/\/isfdyt24-bue.infd.edu.ar\/sitio\/wp-json\/wp\/v2\/types\/page"}],"author":[{"embeddable":true,"href":"https:\/\/isfdyt24-bue.infd.edu.ar\/sitio\/wp-json\/wp\/v2\/users\/146"}],"replies":[{"embeddable":true,"href":"https:\/\/isfdyt24-bue.infd.edu.ar\/sitio\/wp-json\/wp\/v2\/comments?post=895"}],"version-history":[{"count":8,"href":"https:\/\/isfdyt24-bue.infd.edu.ar\/sitio\/wp-json\/wp\/v2\/pages\/895\/revisions"}],"predecessor-version":[{"id":5214,"href":"https:\/\/isfdyt24-bue.infd.edu.ar\/sitio\/wp-json\/wp\/v2\/pages\/895\/revisions\/5214"}],"wp:attachment":[{"href":"https:\/\/isfdyt24-bue.infd.edu.ar\/sitio\/wp-json\/wp\/v2\/media?parent=895"}],"curies":[{"name":"wp","href":"https:\/\/api.w.org\/{rel}","templated":true}]}}