{"id":899,"date":"2018-07-02T20:08:54","date_gmt":"2018-07-02T23:08:54","guid":{"rendered":"https:\/\/isfdyt24-bue.infd.edu.ar\/sitio\/ubicacion\/"},"modified":"2022-03-26T10:58:28","modified_gmt":"2022-03-26T13:58:28","slug":"ubicacion","status":"publish","type":"page","link":"https:\/\/isfdyt24-bue.infd.edu.ar\/sitio\/ubicacion\/","title":{"rendered":"Ubicaci\u00f3n"},"content":{"rendered":"<p><img decoding=\"async\" loading=\"lazy\" class=\"\" title=\"llegar\" src=\"https:\/\/isfdyt24-bue.infd.edu.ar\/sitio\/wp-content\/uploads\/2018\/07\/como_llegar.jpg\" alt=\"llegar\" width=\"1012\" height=\"693\" border=\"0\" \/><\/p>\n<p><span style=\"font-size: 12pt;\"><strong><span style=\"font-family: verdana;\">Direcci\u00f3n:<\/span><\/strong><\/span><\/p>\n<p><span style=\"font-size: 12pt; font-family: verdana;\">Cramer 471 (ex O&#8217;Gorman) e\/Saenz Pe\u00f1a (ex 227) y Espora<br \/>\n<\/span><\/p>\n<p><span style=\"font-size: medium; font-family: verdana;\"><span style=\"font-size: 12pt;\"> Bernal, Quilmes &#8211; Bs. As. CP: 1876<br \/>\n<\/span><\/span><\/p>\n<p><span style=\"font-size: medium; font-family: verdana;\">\u00a0<\/span><\/p>\n<p><strong><span style=\"font-size: medium; font-family: verdana;\">Como llegar:<\/span><\/strong><\/p>\n<p><span style=\"font-family: verdana, geneva; font-size: 12pt;\">Bernal est\u00e1 ubicado en el sudeste del gran Buenos Aires, sobre la costa del R\u00edo de la Plata, a 15 kil\u00f3metros de la Capital Federal.\u00a0<\/span><\/p>\n<p><strong style=\"font-family: verdana, geneva; font-size: 12pt;\">En auto<\/strong><\/p>\n<ul>\n<li><span style=\"font-family: verdana, geneva; font-size: 12pt;\">Autopista Buenos Aires &#8211; La Plata. Bajando en el peaje de Bernal (Km. 17) calle T\u00f3mas Espora (ex 225).<\/span><\/li>\n<li><span style=\"font-family: verdana, geneva; font-size: 12pt;\">Desde CABA. Puente Pueyrred\u00f3n, Avenida Belgrano, Avenida Mitre, Tri\u00e1ngulo de Bernal. Continuar por Dardo Rocha, doblar a la izquierda en la calle Avellaneda.<\/span><\/li>\n<li><span style=\"font-family: verdana, geneva; font-size: medium;\">Desde La Plata. Camino General Belgrano, Ruta 36, Av. Calchaqu\u00ed. Doblar a la derecha en la calle Avellaneda.<\/span><\/li>\n<li><span style=\"font-family: verdana, geneva; font-size: medium;\">Desde zona Oeste. Av. Pasco, rotonda de Pasco, Lamadrid, Av. San Martin (vias de ferrocarril) doblar a la izquierda.<\/span><\/li>\n<li><span style=\"font-family: verdana, geneva; font-size: medium;\">Desde zona Oeste. Av. Monteverde, doblar a la izquierda en\u00a0Av. Calchaqu\u00ed. Doblar a la derecha en la calle Avellaneda.<\/span><\/li>\n<\/ul>\n<p><span style=\"font-family: verdana, geneva; font-size: 12pt;\"><strong>En tren<\/strong><\/span><\/p>\n<p><span style=\"font-family: verdana, geneva; font-size: 12pt;\">L\u00ednea Roca, ramal Quilmes, tanto desde estaci\u00f3n constituci\u00f3n como desde La Plata.<\/span><\/p>\n<p><span style=\"font-family: verdana, geneva; font-size: 12pt;\"><strong>En colectivo<\/strong><\/span><\/p>\n<ul>\n<li><span style=\"font-size: 12pt;\"><span style=\"font-family: verdana, geneva;\">L\u00ednea 22, l<\/span>\u00ednea 98 (ramal 1 y 5), l<span style=\"font-family: verdana, geneva;\">\u00ednea 266, linea 159 (ramal 1), linea 85 (ramal A), linea 324 (ramales que pasan por detr\u00e1s de la Estaci\u00f3n de Bernal)<\/span><span style=\"font-family: verdana, geneva;\"><br \/>\n<\/span><\/span><\/li>\n<\/ul>\n<p><span style=\"font-size: medium; font-family: verdana;\">\u00a0<\/span><\/p>\n","protected":false},"excerpt":{"rendered":"<p>Direcci\u00f3n: Cramer 471 (ex O&#8217;Gorman) e\/Saenz Pe\u00f1a (ex 227) y Espora Bernal, Quilmes &#8211; Bs. As. CP: 1876 \u00a0 Como llegar: Bernal est\u00e1 ubicado en el sudeste del gran Buenos Aires, sobre la costa del R\u00edo de la Plata, a 15 kil\u00f3metros de la Capital Federal.\u00a0 En auto Autopista Buenos Aires &#8211; La Plata. Bajando &#8230; <a title=\"Ubicaci\u00f3n\" class=\"read-more\" href=\"https:\/\/isfdyt24-bue.infd.edu.ar\/sitio\/ubicacion\/\" aria-label=\"More on Ubicaci\u00f3n\">[+]<\/a><\/p>\n","protected":false},"author":146,"featured_media":0,"parent":0,"menu_order":0,"comment_status":"closed","ping_status":"closed","template":"","meta":[],"acf":[],"_links":{"self":[{"href":"https:\/\/isfdyt24-bue.infd.edu.ar\/sitio\/wp-json\/wp\/v2\/pages\/899"}],"collection":[{"href":"https:\/\/isfdyt24-bue.infd.edu.ar\/sitio\/wp-json\/wp\/v2\/pages"}],"about":[{"href":"https:\/\/isfdyt24-bue.infd.edu.ar\/sitio\/wp-json\/wp\/v2\/types\/page"}],"author":[{"embeddable":true,"href":"https:\/\/isfdyt24-bue.infd.edu.ar\/sitio\/wp-json\/wp\/v2\/users\/146"}],"replies":[{"embeddable":true,"href":"https:\/\/isfdyt24-bue.infd.edu.ar\/sitio\/wp-json\/wp\/v2\/comments?post=899"}],"version-history":[{"count":2,"href":"https:\/\/isfdyt24-bue.infd.edu.ar\/sitio\/wp-json\/wp\/v2\/pages\/899\/revisions"}],"predecessor-version":[{"id":3595,"href":"https:\/\/isfdyt24-bue.infd.edu.ar\/sitio\/wp-json\/wp\/v2\/pages\/899\/revisions\/3595"}],"wp:attachment":[{"href":"https:\/\/isfdyt24-bue.infd.edu.ar\/sitio\/wp-json\/wp\/v2\/media?parent=899"}],"curies":[{"name":"wp","href":"https:\/\/api.w.org\/{rel}","templated":true}]}}