{"id":916,"date":"2018-07-02T20:09:04","date_gmt":"2018-07-02T23:09:04","guid":{"rendered":"https:\/\/isfdyt24-bue.infd.edu.ar\/sitio\/servicios\/"},"modified":"2023-11-28T10:56:48","modified_gmt":"2023-11-28T13:56:48","slug":"servicios","status":"publish","type":"page","link":"https:\/\/isfdyt24-bue.infd.edu.ar\/sitio\/servicios\/","title":{"rendered":"BIBLIOTECA"},"content":{"rendered":"\n<h5 class=\"wp-block-heading\">                                                              <img decoding=\"async\" loading=\"lazy\" width=\"443\" height=\"183\" src=\"https:\/\/isfdyt24-bue.infd.edu.ar\/sitio\/wp-content\/uploads\/2022\/07\/FOTOBIBLIOTECA-1000x413.jpg\" alt=\"\"><\/h5>\n\n\n<h5><b><span style=\"color: #000000;\">Ingresa al CAT\u00c1LOGO aqu\u00ed<img decoding=\"async\" src=\"https:\/\/mail.google.com\/mail\/e\/1f447\" alt=\"&#x1f447;\" \/><\/span><\/b><\/h5>\n<h5>\u00a0 \u00a0 \u00a0 \u00a0 \u00a0 \u00a0 \u00a0 \u00a0 \u00a0 \u00a0 \u00a0 \u00a0 \u00a0 \u00a0 \u00a0 \u00a0 \u00a0\u00a0\u00a0<a href=\"http:\/\/www.abcdonline.com.ar\/isfdyt24\" target=\"_blank\" rel=\"noopener\" data-saferedirecturl=\"https:\/\/www.google.com\/url?q=http:\/\/www.abcdonline.com.ar\/isfdyt24&amp;source=gmail&amp;ust=1623166450104000&amp;usg=AFQjCNHjVdmE3DOGes3ntUUmzZ5ySNgTIA\">www.isfdyt24.bibliotecarios.ar<\/a><\/h5>\n<h5>\u00a0 \u00a0\u00a0<\/h5>\n<p style=\"text-align: center;\"><b>Este cat\u00e1logo permite el acceso a todos los t\u00edtulos del material bibliogr\u00e1fico como as\u00ed\u00a0tambi\u00e9n\u00a0a los programas de las materias de todas las carreras del ciclo lectivo en curso<\/b><\/p>\n<p>La Biblioteca del Instituto es\u00a0 un espacio integrado a la comunidad educativa, que\u00a0 cuenta con un fondo bibliogr\u00e1fico de alrededor de 12000 ejemplares entre libros, material multimedia, revistas\u00a0 y documentos.\u00a0 \u00a0Es una Biblioteca especializada, que contiene principalmente el material af\u00edn a las carreras que se cursan en el Instituto. Desde la sala de lectura se puede acceder a la estanter\u00eda abierta, permitiendo\u00a0 el contacto directo con el libro.\u00a0 \u00a0 \u00a0 \u00a0 \u00a0 \u00a0 \u00a0 \u00a0 \u00a0 \u00a0 \u00a0 \u00a0 \u00a0 \u00a0 \u00a0 \u00a0 \u00a0<\/p>\n<p>Contamos con un cat\u00e1logo en l\u00ednea en el programa ABCD:\u00a0 <em>Automatizaci\u00f3n de Bibliotecas y Centros de Documentaci\u00f3n,\u00a0<\/em> al cual estamos ingresando la totalidad del material.<\/p>\n<p>All\u00ed pueden localizarse\u00a0 los t\u00edtulos que componen nuestra colecci\u00f3n como tambi\u00e9n los programas de c\u00e1tedra del presente ciclo lectivo\u00a0 y su bibliograf\u00eda.<\/p>\n<p>La Biblioteca es un servicio libre y\u00a0 gratuito que ofrece el ISFDyT 24 a estudiantes regulares, personal docente y no docente. Con un sencillo tr\u00e1mite de asociaci\u00f3n se puede retirar el material a domicilio, como as\u00ed tambi\u00e9n, aprovechar la importante colecci\u00f3n de Referencia dentro de las instalaciones del Instituto.\u00a0 Cuenta tambi\u00e9n con\u00a0 una computadora con acceso a internet para\u00a0 usuarios y servicio de impresiones blanco y negro.<\/p>\n<p>Para asociarte a Biblioteca acercate con una foto color 4 x 4 ,\u00a0 planilla de inscripci\u00f3n y\u00a0 reglamento<\/p>\n<p><a href=\"https:\/\/isfdyt24-bue.infd.edu.ar\/sitio\/wp-content\/uploads\/2022\/07\/Ficha-Inscripcion-a-Biblioteca.doc\">Ficha Inscripci\u00f3n a Biblioteca<\/a><\/p>\n<p><a href=\"https:\/\/isfdyt24-bue.infd.edu.ar\/sitio\/wp-content\/uploads\/2022\/07\/Reglamento.doc\">Reglamento<\/a><\/p>\n<div>Consult\u00e1 tambi\u00e9n los diferentes cat\u00e1logos por \u00e1rea<\/div>\n<div>\u00a0<\/div>\n<div>Literatura Infantil y Juvenil: \u00a0\u00a0 <a href=\"https:\/\/isfdyt24-bue.infd.edu.ar\/sitio\/wp-content\/uploads\/2022\/07\/catalogo-LITERATURA-INFANTIL-Y-JUVENIL.docx\">cat\u00e1logo LITERATURA INFANTIL Y JUVENIL<\/a><\/div>\n<div>Material Multimedia:\u00a0 \u00a0 \u00a0 \u00a0\u00a0 \u00a0\u00a0 \u00a0\u00a0 \u00a0<a href=\"https:\/\/isfdyt24-bue.infd.edu.ar\/sitio\/wp-content\/uploads\/2022\/07\/catalogo-dvds-Biblioteca.doc\">cat\u00e1logo DVDS Biblioteca<\/a><\/div>\n<div>Biblioteca Nuestra Escuela INFoD:\u00a0 <a href=\"http:\/\/www.red.infd.edu.ar\/biblioteca-nuestra-escuela\">www.red.infd.edu.ar\/biblioteca-nuestra-escuela<\/a><\/div>\n<div>\u00a0<\/div>\n<div><i><a href=\"mailto:biblioteca24bernal@gmail.com\" target=\"_blank\" rel=\"noopener\">\u00a0 \u00a0 \u00a0 \u00a0 \u00a0 \u00a0 \u00a0 \u00a0 \u00a0 \u00a0 \u00a0 \u00a0 \u00a0 \u00a0 \u00a0 \u00a0 \u00a0 \u00a0 \u00a0 \u00a0 \u00a0 \u00a0 \u00a0 \u00a0 \u00a0 \u00a0 \u00a0 \u00a0 \u00a0 \u00a0 \u00a0 \u00a0 \u00a0 \u00a0 \u00a0 \u00a0 \u00a0 \u00a0 \u00a0 \u00a0 \u00a0 \u00a0 \u00a0 \u00a0 \u00a0 \u00a0 \u00a0 \u00a0 \u00a0<\/a><\/i><\/div>\n<div><img decoding=\"async\" loading=\"lazy\" class=\"alignnone  wp-image-3739\" src=\"https:\/\/isfdyt24-bue.infd.edu.ar\/sitio\/wp-content\/uploads\/2022\/07\/foto-biblioteca-1-1000x1000.jpg\" alt=\"\" width=\"242\" height=\"242\" srcset=\"https:\/\/isfdyt24-bue.infd.edu.ar\/sitio\/wp-content\/uploads\/2022\/07\/foto-biblioteca-1-1000x1000.jpg 1000w, https:\/\/isfdyt24-bue.infd.edu.ar\/sitio\/wp-content\/uploads\/2022\/07\/foto-biblioteca-1-500x500.jpg 500w, https:\/\/isfdyt24-bue.infd.edu.ar\/sitio\/wp-content\/uploads\/2022\/07\/foto-biblioteca-1-768x768.jpg 768w, https:\/\/isfdyt24-bue.infd.edu.ar\/sitio\/wp-content\/uploads\/2022\/07\/foto-biblioteca-1.jpg 1531w\" sizes=\"(max-width: 242px) 100vw, 242px\" \/><img decoding=\"async\" loading=\"lazy\" class=\"alignnone  wp-image-3740\" src=\"https:\/\/isfdyt24-bue.infd.edu.ar\/sitio\/wp-content\/uploads\/2022\/07\/foto-bibliotteca-2-1000x748.jpg\" alt=\"\" width=\"329\" height=\"246\" srcset=\"https:\/\/isfdyt24-bue.infd.edu.ar\/sitio\/wp-content\/uploads\/2022\/07\/foto-bibliotteca-2-1000x748.jpg 1000w, https:\/\/isfdyt24-bue.infd.edu.ar\/sitio\/wp-content\/uploads\/2022\/07\/foto-bibliotteca-2-1900x1420.jpg 1900w, https:\/\/isfdyt24-bue.infd.edu.ar\/sitio\/wp-content\/uploads\/2022\/07\/foto-bibliotteca-2-768x574.jpg 768w, https:\/\/isfdyt24-bue.infd.edu.ar\/sitio\/wp-content\/uploads\/2022\/07\/foto-bibliotteca-2-1536x1148.jpg 1536w, https:\/\/isfdyt24-bue.infd.edu.ar\/sitio\/wp-content\/uploads\/2022\/07\/foto-bibliotteca-2.jpg 2048w\" sizes=\"(max-width: 329px) 100vw, 329px\" \/><\/div>\n<div>Cualquier consulta\u00a0 comunicate al <strong>mail de la Biblioteca: \u00a0\u00a0<i><a href=\"mailto:biblioteca24bernal@gmail.com\" target=\"_blank\" rel=\"noopener\">biblioteca24bernal@gmail.com<\/a><\/i>\u00a0<\/strong><\/div>\n\n\n<p><\/p>\n\n\n\n<h2 class=\"wp-block-heading\"><\/h2>\n\n\n\n<p><\/p>\n","protected":false},"excerpt":{"rendered":"<p>Ingresa al CAT\u00c1LOGO aqu\u00ed \u00a0 \u00a0 \u00a0 \u00a0 \u00a0 \u00a0 \u00a0 \u00a0 \u00a0 \u00a0 \u00a0 \u00a0 \u00a0 \u00a0 \u00a0 \u00a0 \u00a0\u00a0\u00a0www.isfdyt24.bibliotecarios.ar \u00a0 \u00a0\u00a0 Este cat\u00e1logo permite el acceso a todos los t\u00edtulos del material bibliogr\u00e1fico como as\u00ed\u00a0tambi\u00e9n\u00a0a los programas de las materias de todas las carreras del ciclo lectivo en curso La Biblioteca del Instituto &#8230; <a title=\"BIBLIOTECA\" class=\"read-more\" href=\"https:\/\/isfdyt24-bue.infd.edu.ar\/sitio\/servicios\/\" aria-label=\"More on BIBLIOTECA\">[+]<\/a><\/p>\n","protected":false},"author":146,"featured_media":0,"parent":0,"menu_order":0,"comment_status":"closed","ping_status":"closed","template":"","meta":[],"acf":[],"_links":{"self":[{"href":"https:\/\/isfdyt24-bue.infd.edu.ar\/sitio\/wp-json\/wp\/v2\/pages\/916"}],"collection":[{"href":"https:\/\/isfdyt24-bue.infd.edu.ar\/sitio\/wp-json\/wp\/v2\/pages"}],"about":[{"href":"https:\/\/isfdyt24-bue.infd.edu.ar\/sitio\/wp-json\/wp\/v2\/types\/page"}],"author":[{"embeddable":true,"href":"https:\/\/isfdyt24-bue.infd.edu.ar\/sitio\/wp-json\/wp\/v2\/users\/146"}],"replies":[{"embeddable":true,"href":"https:\/\/isfdyt24-bue.infd.edu.ar\/sitio\/wp-json\/wp\/v2\/comments?post=916"}],"version-history":[{"count":8,"href":"https:\/\/isfdyt24-bue.infd.edu.ar\/sitio\/wp-json\/wp\/v2\/pages\/916\/revisions"}],"predecessor-version":[{"id":4391,"href":"https:\/\/isfdyt24-bue.infd.edu.ar\/sitio\/wp-json\/wp\/v2\/pages\/916\/revisions\/4391"}],"wp:attachment":[{"href":"https:\/\/isfdyt24-bue.infd.edu.ar\/sitio\/wp-json\/wp\/v2\/media?parent=916"}],"curies":[{"name":"wp","href":"https:\/\/api.w.org\/{rel}","templated":true}]}}