{"id":939,"date":"2018-07-02T20:09:16","date_gmt":"2018-07-02T23:09:16","guid":{"rendered":"https:\/\/isfdyt24-bue.infd.edu.ar\/sitio\/informacion-2017\/"},"modified":"2020-03-18T16:41:10","modified_gmt":"2020-03-18T19:41:10","slug":"informacion-2017","status":"publish","type":"page","link":"https:\/\/isfdyt24-bue.infd.edu.ar\/sitio\/informacion-2017\/","title":{"rendered":"Informaci\u00f3n"},"content":{"rendered":"<p><iframe loading=\"lazy\" style=\"display: block; margin-left: auto; margin-right: auto;\" src=\"https:\/\/www.youtube.com\/embed\/2kM-UkaEsMM?wmode=transparent\" width=\"455\" height=\"256\" frameborder=\"0\" allowfullscreen=\"allowfullscreen\"><\/iframe><\/p>\n<p>&nbsp;<\/p>\n<p><span style=\"font-size: 12pt;\">Asociaci\u00f3n Cooperadora del I.S.F.D. y T. N\u00ba24<\/span><br \/>\n<span style=\"font-size: 12pt;\">Los miembros de la Comisi\u00f3n Directiva de Cooperadora del Instituto queremos informar a todos los que formamos esta comunidad los compromisos y requerimientos a los que responde con el dinero que recauda de las cuotas de socios y los alquileres del kiosco y la fotocopiadora; comprando:<\/span><br \/>\n<span style=\"font-size: 12pt;\">\u2022 Art\u00edculos de librer\u00eda<\/span><br \/>\n<span style=\"font-size: 12pt;\">\u2022 Resmas para uso administrativo y biblioteca<\/span><br \/>\n<span style=\"font-size: 12pt;\">\u2022 Cartuchos de impresi\u00f3n<\/span><br \/>\n<span style=\"font-size: 12pt;\">\u2022 Carpetas de libros de aula<\/span><br \/>\n<span style=\"font-size: 12pt;\">\u2022 Libros de actas de examen<\/span><br \/>\n<span style=\"font-size: 12pt;\">\u2022 Tizas , borradores, fibrones<\/span><br \/>\n<span style=\"font-size: 12pt;\">\u2022 Bolsas de residuos<\/span><br \/>\n<span style=\"font-size: 12pt;\">\u2022 Art\u00edculos de limpieza, escobillones, trapos, guantes, etc.<\/span><br \/>\n<span style=\"font-size: 12pt;\">\u2022 Seguros de ca\u00f1ones, televisores, microscopios, computadoras, notebooks <\/span><br \/>\n<span style=\"font-size: 12pt;\">\u2022 Tubos de luz y l\u00e1mparas exteriores<\/span><br \/>\n<span style=\"font-size: 12pt;\">\u2022 Sueldo del Sr. de mantenimiento<\/span><br \/>\n<span style=\"font-size: 12pt;\">\u2022 Discos r\u00edgidos externos<\/span><br \/>\n<span style=\"font-size: 12pt;\">\u2022 Mobiliario: armarios y escritorios<\/span><br \/>\n<span style=\"font-size: 12pt;\">\u2022 Pintura ( durante las vacaciones de verano el Sr. de mantenimiento pint\u00f3 aulas y pasillos en planta baja y pr\u00f3ximamente en vacaciones de invierno ser\u00e1 en planta alta)<\/span><br \/>\n<span style=\"font-size: 12pt;\">\u2022 Proyecto implementado hace un mes: los dispensers de papel higi\u00e9nico en los ba\u00f1os (les recordamos el uso racional del mismo)<\/span><br \/>\n<span style=\"font-size: 12pt;\">\u2022 Arreglos de bordeadora y m\u00e1quina de cortar el pasto<\/span><br \/>\n<span style=\"font-size: 12pt;\">\u2022 Arreglos y compra de cerraduras, picaportes, enchufes, alargues, etc.<\/span><br \/>\n<span style=\"font-size: 12pt;\">\u2022 Compra de pinza, destornillador, tornillos, electrodos para soldar mesas y sillas<\/span><br \/>\n<span style=\"font-size: 12pt;\">Este informe es nuestro compromiso con los socios, quienes han pagado la cuota anual de cooperadora y el objetivo se completa con la solicitud a todos los que pertenecen a nuestra comunidad que recuerden asociarse abonando la cuota anual , que fue fijada en $ 200, en la Asamblea Anual Ordinaria del pasado mes de Junio.<\/span><br \/>\n<span style=\"font-size: 12pt;\">No se olviden que la vida diaria de nuestra Instituci\u00f3n depende en muchos aspectos del trabajo de la Cooperadora; les solicitamos la colaboraci\u00f3n, pueden pagarle a la\/el preceptor\/a de la carrera y no es necesario pagar el monto completo hacerlo seg\u00fan la disponibilidad de cada uno y poder presentar el pago al retirar libros de biblioteca.<\/span><\/p>\n<p><span style=\"font-size: 12pt;\">Gracias Asociaci\u00f3n Cooperadora<\/span><\/p>\n","protected":false},"excerpt":{"rendered":"<p>&nbsp; Asociaci\u00f3n Cooperadora del I.S.F.D. y T. N\u00ba24 Los miembros de la Comisi\u00f3n Directiva de Cooperadora del Instituto queremos informar a todos los que formamos esta comunidad los compromisos y requerimientos a los que responde con el dinero que recauda de las cuotas de socios y los alquileres del kiosco y la fotocopiadora; comprando: \u2022 &#8230; <a title=\"Informaci\u00f3n\" class=\"read-more\" href=\"https:\/\/isfdyt24-bue.infd.edu.ar\/sitio\/informacion-2017\/\" aria-label=\"More on Informaci\u00f3n\">[+]<\/a><\/p>\n","protected":false},"author":146,"featured_media":0,"parent":0,"menu_order":0,"comment_status":"closed","ping_status":"closed","template":"","meta":[],"acf":[],"_links":{"self":[{"href":"https:\/\/isfdyt24-bue.infd.edu.ar\/sitio\/wp-json\/wp\/v2\/pages\/939"}],"collection":[{"href":"https:\/\/isfdyt24-bue.infd.edu.ar\/sitio\/wp-json\/wp\/v2\/pages"}],"about":[{"href":"https:\/\/isfdyt24-bue.infd.edu.ar\/sitio\/wp-json\/wp\/v2\/types\/page"}],"author":[{"embeddable":true,"href":"https:\/\/isfdyt24-bue.infd.edu.ar\/sitio\/wp-json\/wp\/v2\/users\/146"}],"replies":[{"embeddable":true,"href":"https:\/\/isfdyt24-bue.infd.edu.ar\/sitio\/wp-json\/wp\/v2\/comments?post=939"}],"version-history":[{"count":1,"href":"https:\/\/isfdyt24-bue.infd.edu.ar\/sitio\/wp-json\/wp\/v2\/pages\/939\/revisions"}],"predecessor-version":[{"id":1901,"href":"https:\/\/isfdyt24-bue.infd.edu.ar\/sitio\/wp-json\/wp\/v2\/pages\/939\/revisions\/1901"}],"wp:attachment":[{"href":"https:\/\/isfdyt24-bue.infd.edu.ar\/sitio\/wp-json\/wp\/v2\/media?parent=939"}],"curies":[{"name":"wp","href":"https:\/\/api.w.org\/{rel}","templated":true}]}}