{"id":962,"date":"2018-07-02T20:09:28","date_gmt":"2018-07-02T23:09:28","guid":{"rendered":"https:\/\/isfdyt24-bue.infd.edu.ar\/sitio\/correlatividades\/"},"modified":"2023-12-28T19:23:31","modified_gmt":"2023-12-28T22:23:31","slug":"correlatividades","status":"publish","type":"page","link":"https:\/\/isfdyt24-bue.infd.edu.ar\/sitio\/correlatividades\/","title":{"rendered":"CORRELATIVIDADES"},"content":{"rendered":"<h4>R\u00c9GIMEN CORRELATIVIDADES:<\/h4>\n<ul>\n<li><a href=\"https:\/\/drive.google.com\/file\/d\/1w_DaB5V0lKjnMs_v6rrzZ-ZGoEj2Dj_s\/view?usp=sharing\">Comunicado<\/a><\/li>\n<li><a href=\"https:\/\/drive.google.com\/file\/d\/1nXlsaj1dVt6K207Ej48iTQ7xYKtRRK92\/view?usp=sharing\">Resoluci\u00f3n<\/a><\/li>\n<li><a href=\"https:\/\/drive.google.com\/file\/d\/1rdMnNXxomt6FlaQAa0tlXMNEVVJ79xGi\/view?usp=sharing\">ANEXO 2 R\u00e9gimen de Correlatividades<\/a><\/li>\n<\/ul>\n","protected":false},"excerpt":{"rendered":"<p>R\u00c9GIMEN CORRELATIVIDADES: Comunicado Resoluci\u00f3n ANEXO 2 R\u00e9gimen de Correlatividades<\/p>\n","protected":false},"author":146,"featured_media":0,"parent":0,"menu_order":0,"comment_status":"closed","ping_status":"closed","template":"","meta":[],"acf":[],"_links":{"self":[{"href":"https:\/\/isfdyt24-bue.infd.edu.ar\/sitio\/wp-json\/wp\/v2\/pages\/962"}],"collection":[{"href":"https:\/\/isfdyt24-bue.infd.edu.ar\/sitio\/wp-json\/wp\/v2\/pages"}],"about":[{"href":"https:\/\/isfdyt24-bue.infd.edu.ar\/sitio\/wp-json\/wp\/v2\/types\/page"}],"author":[{"embeddable":true,"href":"https:\/\/isfdyt24-bue.infd.edu.ar\/sitio\/wp-json\/wp\/v2\/users\/146"}],"replies":[{"embeddable":true,"href":"https:\/\/isfdyt24-bue.infd.edu.ar\/sitio\/wp-json\/wp\/v2\/comments?post=962"}],"version-history":[{"count":2,"href":"https:\/\/isfdyt24-bue.infd.edu.ar\/sitio\/wp-json\/wp\/v2\/pages\/962\/revisions"}],"predecessor-version":[{"id":4419,"href":"https:\/\/isfdyt24-bue.infd.edu.ar\/sitio\/wp-json\/wp\/v2\/pages\/962\/revisions\/4419"}],"wp:attachment":[{"href":"https:\/\/isfdyt24-bue.infd.edu.ar\/sitio\/wp-json\/wp\/v2\/media?parent=962"}],"curies":[{"name":"wp","href":"https:\/\/api.w.org\/{rel}","templated":true}]}}