{"id":964,"date":"2018-07-02T20:09:29","date_gmt":"2018-07-02T23:09:29","guid":{"rendered":"https:\/\/isfdyt24-bue.infd.edu.ar\/sitio\/diseno-curricular\/"},"modified":"2022-03-25T11:35:14","modified_gmt":"2022-03-25T14:35:14","slug":"diseno-curricular","status":"publish","type":"page","link":"https:\/\/isfdyt24-bue.infd.edu.ar\/sitio\/diseno-curricular\/","title":{"rendered":"DISE\u00d1O CURRICULAR"},"content":{"rendered":"<p style=\"text-align: justify;\"><span style=\"font-size: 18pt; color: #000000;\"><strong><span style=\"font-size: 14pt;\">PARA DESCARGAR EL DISE\u00d1O CURRICULAR DEL PROFESORADO DE EDUCACION INICIAL, HAZ CLICK AQU\u00cd<\/span> :<\/strong><\/span><\/p>\n<p style=\"text-align: justify;\"><span style=\"font-size: 18pt; color: #000000;\"><strong> <a title=\"DISE\u00d1O EDUCACI\u00d2N SUPERIOR. PROFESORADO DE NIVEL INICIAL\" href=\"upload\/DISEN_O_EDUCACION_SUPERIOR.__PROFESORADO_DE_NIVEL_INICAL.pdf\" target=\"_blank\" rel=\"noopener\">Dise\u00f1o Curricular<\/a><\/strong><\/span><\/p>\n<p style=\"text-align: justify;\">\n<p style=\"text-align: justify;\"><span style=\"font-size: 14pt; color: #000000;\"><strong>ESTRUCTURA CURRICULAR:<\/strong><\/span><\/p>\n<p><img decoding=\"async\" src=\"https:\/\/isfdyt24-bue.infd.edu.ar\/sitio\/wp-content\/uploads\/2018\/07\/1avDdoxWiJnwTimagen_incrustada1.png\" border=\"0\" \/><\/p>\n<p><img decoding=\"async\" src=\"https:\/\/isfdyt24-bue.infd.edu.ar\/sitio\/wp-content\/uploads\/2018\/07\/1S1NA1jNcJIRdimagen_incrustada2.png\" border=\"0\" \/><\/p>\n<p><img decoding=\"async\" src=\"https:\/\/isfdyt24-bue.infd.edu.ar\/sitio\/wp-content\/uploads\/2018\/07\/2qgrY7zasELfJimagen_incrustada3.png\" border=\"0\" \/><\/p>\n<p><img decoding=\"async\" src=\"https:\/\/isfdyt24-bue.infd.edu.ar\/sitio\/wp-content\/uploads\/2018\/07\/1cY5erjhzL51imagen_incrustada4.png\" border=\"0\" \/><\/p>\n<p>Versi\u00f3n para descargar aqu\u00ed: <a title=\"ESTRUCTURA CURRICULAR\" href=\"upload\/ESTRUCTURA_CURRICULAR.pdf\" target=\"_blank\" rel=\"noopener\">Estructura Curricular<\/a><\/p>\n","protected":false},"excerpt":{"rendered":"<p>PARA DESCARGAR EL DISE\u00d1O CURRICULAR DEL PROFESORADO DE EDUCACION INICIAL, HAZ CLICK AQU\u00cd : Dise\u00f1o Curricular ESTRUCTURA CURRICULAR: Versi\u00f3n para descargar aqu\u00ed: Estructura Curricular<\/p>\n","protected":false},"author":146,"featured_media":0,"parent":0,"menu_order":0,"comment_status":"closed","ping_status":"closed","template":"","meta":[],"acf":[],"_links":{"self":[{"href":"https:\/\/isfdyt24-bue.infd.edu.ar\/sitio\/wp-json\/wp\/v2\/pages\/964"}],"collection":[{"href":"https:\/\/isfdyt24-bue.infd.edu.ar\/sitio\/wp-json\/wp\/v2\/pages"}],"about":[{"href":"https:\/\/isfdyt24-bue.infd.edu.ar\/sitio\/wp-json\/wp\/v2\/types\/page"}],"author":[{"embeddable":true,"href":"https:\/\/isfdyt24-bue.infd.edu.ar\/sitio\/wp-json\/wp\/v2\/users\/146"}],"replies":[{"embeddable":true,"href":"https:\/\/isfdyt24-bue.infd.edu.ar\/sitio\/wp-json\/wp\/v2\/comments?post=964"}],"version-history":[{"count":2,"href":"https:\/\/isfdyt24-bue.infd.edu.ar\/sitio\/wp-json\/wp\/v2\/pages\/964\/revisions"}],"predecessor-version":[{"id":3563,"href":"https:\/\/isfdyt24-bue.infd.edu.ar\/sitio\/wp-json\/wp\/v2\/pages\/964\/revisions\/3563"}],"wp:attachment":[{"href":"https:\/\/isfdyt24-bue.infd.edu.ar\/sitio\/wp-json\/wp\/v2\/media?parent=964"}],"curies":[{"name":"wp","href":"https:\/\/api.w.org\/{rel}","templated":true}]}}